{"id":6896,"date":"2019-03-05T10:21:10","date_gmt":"2019-09-24T10:36:31","guid":{"rendered":"https:\/\/fedegari.com\/prodotto\/fof-sattdampf-sterilisator\/"},"modified":"2019-12-12T15:33:39","modified_gmt":"2019-12-12T14:33:39","slug":"fof-sattdampf-sterilisator","status":"publish","type":"product","link":"https:\/\/fedegari.com\/de\/prodotto\/fof-sattdampf-sterilisator\/","title":{"rendered":"FOF \u2013 SATTDAMPF-STERILISATOR"},"content":{"rendered":"<p class=\"p1\"><span class=\"s1\">Die FOF Baureihe ist die Synthese der Geschichte von Fedegari: harte Arbeit, um Anwendungsfreundlichkeit f\u00fcr unsere Kunden zu schaffen und au\u00dfergew\u00f6hnliche Leistungen aufrechtzuerhalten. Fedegari kann all das dank seiner umfassenden Kenntnisse \u00fcber Prozesse und Produkte garantieren, die in jahrzehntelanger Zusammenarbeit mit unseren Kunden, technischer Umsetzung der L\u00f6sungen, Software- und Komponentenentwicklung gewonnen wurden.<\/span><\/p>\n<p class=\"p1\"><span class=\"s1\">Die FOF-Baureihe ist die flexibelste L\u00f6sung f\u00fcr die Sterilisation einer Vielzahl von Produkten f\u00fcr die biopharmazeutische Industrie. Von festen bis hin zu por\u00f6sen Stoffen \u00fcber Fl\u00fcssigkeiten in offenen oder nicht hermetisch verschlossenen Beh\u00e4ltern. Die Sterilisatoren der FOF-Baureihe k\u00f6nnen auch f\u00fcr Tyndallisation, Pasteurisation und Inaktivierungen verwendet werden.<\/span><\/p>\n","protected":false},"excerpt":{"rendered":"<h5 class=\"p1\"><span class=\"s1\"><b>DIE FLEXIBELSTE L\u00d6SUNG.<\/b><\/span><\/h5>\n","protected":false},"featured_media":0,"comment_status":"open","ping_status":"closed","template":"","meta":[],"product_cat":[278],"product_tag":[304,283,305],"class_list":{"0":"post-6896","1":"product","2":"type-product","3":"status-publish","5":"product_cat-industrie","6":"product_tag-fof-de","7":"product_tag-industrie","8":"product_tag-sterilisation","9":"pa_applicazioni-biopharmazeutika","10":"pa_carichi-filter","11":"pa_carichi-glaswaren","12":"pa_carichi-instrumente","13":"pa_carichi-instrumente-de","14":"pa_carichi-kleidung","15":"pa_carichi-maschinenteilen","16":"pa_carichi-offene-und-hermetisch-verschlossene-behalter","17":"pa_processi-sterilisation","19":"first","20":"instock","21":"shipping-taxable","22":"product-type-simple"},"yoast_head":"<!-- This site is optimized with the Yoast SEO plugin v26.8 - https:\/\/yoast.com\/product\/yoast-seo-wordpress\/ -->\n<title>FOF \u2013 SATTDAMPF-STERILISATOR - Fedegari - Solutions for Sterile Drug Manufacturing<\/title>\n<meta name=\"robots\" content=\"index, follow, max-snippet:-1, max-image-preview:large, max-video-preview:-1\" \/>\n<link rel=\"canonical\" href=\"https:\/\/fedegari.com\/de\/prodotto\/fof-sattdampf-sterilisator\/\" \/>\n<meta property=\"og:locale\" content=\"de_DE\" \/>\n<meta property=\"og:type\" content=\"article\" \/>\n<meta property=\"og:title\" content=\"FOF \u2013 SATTDAMPF-STERILISATOR - Fedegari - Solutions for Sterile Drug Manufacturing\" \/>\n<meta property=\"og:description\" content=\"DIE FLEXIBELSTE L\u00d6SUNG.\" \/>\n<meta property=\"og:url\" content=\"https:\/\/fedegari.com\/de\/prodotto\/fof-sattdampf-sterilisator\/\" \/>\n<meta property=\"og:site_name\" content=\"Fedegari - Solutions for Sterile Drug Manufacturing\" \/>\n<meta property=\"article:modified_time\" content=\"2019-12-12T14:33:39+00:00\" \/>\n<meta property=\"og:image\" content=\"https:\/\/fedegari.com\/wp-content\/uploads\/2019\/03\/fof_products.jpg\" \/>\n\t<meta property=\"og:image:width\" content=\"340\" \/>\n\t<meta property=\"og:image:height\" content=\"340\" \/>\n\t<meta property=\"og:image:type\" content=\"image\/jpeg\" \/>\n<meta name=\"twitter:card\" content=\"summary_large_image\" \/>\n<meta name=\"twitter:site\" content=\"@FedegariGroup\" \/>\n<meta name=\"twitter:label1\" content=\"Gesch\u00e4tzte Lesezeit\" \/>\n\t<meta name=\"twitter:data1\" content=\"1\u00a0Minute\" \/>\n<!-- \/ Yoast SEO plugin. -->","yoast_head_json":{"title":"FOF \u2013 SATTDAMPF-STERILISATOR - Fedegari - Solutions for Sterile Drug Manufacturing","robots":{"index":"index","follow":"follow","max-snippet":"max-snippet:-1","max-image-preview":"max-image-preview:large","max-video-preview":"max-video-preview:-1"},"canonical":"https:\/\/fedegari.com\/de\/prodotto\/fof-sattdampf-sterilisator\/","og_locale":"de_DE","og_type":"article","og_title":"FOF \u2013 SATTDAMPF-STERILISATOR - Fedegari - Solutions for Sterile Drug Manufacturing","og_description":"DIE FLEXIBELSTE L\u00d6SUNG.","og_url":"https:\/\/fedegari.com\/de\/prodotto\/fof-sattdampf-sterilisator\/","og_site_name":"Fedegari - Solutions for Sterile Drug Manufacturing","article_modified_time":"2019-12-12T14:33:39+00:00","og_image":[{"width":340,"height":340,"url":"https:\/\/fedegari.com\/wp-content\/uploads\/2019\/03\/fof_products.jpg","type":"image\/jpeg"}],"twitter_card":"summary_large_image","twitter_site":"@FedegariGroup","twitter_misc":{"Gesch\u00e4tzte Lesezeit":"1\u00a0Minute"},"schema":{"@context":"https:\/\/schema.org","@graph":[{"@type":"WebPage","@id":"https:\/\/fedegari.com\/de\/prodotto\/fof-sattdampf-sterilisator\/","url":"https:\/\/fedegari.com\/de\/prodotto\/fof-sattdampf-sterilisator\/","name":"FOF \u2013 SATTDAMPF-STERILISATOR - Fedegari - Solutions for Sterile Drug Manufacturing","isPartOf":{"@id":"https:\/\/fedegari.com\/de\/#website"},"datePublished":"2019-09-24T10:36:31+00:00","dateModified":"2019-12-12T14:33:39+00:00","breadcrumb":{"@id":"https:\/\/fedegari.com\/de\/prodotto\/fof-sattdampf-sterilisator\/#breadcrumb"},"inLanguage":"de","potentialAction":[{"@type":"ReadAction","target":["https:\/\/fedegari.com\/de\/prodotto\/fof-sattdampf-sterilisator\/"]}]},{"@type":"BreadcrumbList","@id":"https:\/\/fedegari.com\/de\/prodotto\/fof-sattdampf-sterilisator\/#breadcrumb","itemListElement":[{"@type":"ListItem","position":1,"name":"Home","item":"https:\/\/fedegari.com\/de\/"},{"@type":"ListItem","position":2,"name":"Shop","item":"https:\/\/fedegari.com\/negozio\/"},{"@type":"ListItem","position":3,"name":"FOF \u2013 SATTDAMPF-STERILISATOR"}]},{"@type":"WebSite","@id":"https:\/\/fedegari.com\/de\/#website","url":"https:\/\/fedegari.com\/de\/","name":"Fedegari - Solutions for Sterile Drug Manufacturing","description":"Passion beyond sterilization","publisher":{"@id":"https:\/\/fedegari.com\/de\/#organization"},"potentialAction":[{"@type":"SearchAction","target":{"@type":"EntryPoint","urlTemplate":"https:\/\/fedegari.com\/de\/?s={search_term_string}"},"query-input":{"@type":"PropertyValueSpecification","valueRequired":true,"valueName":"search_term_string"}}],"inLanguage":"de"},{"@type":"Organization","@id":"https:\/\/fedegari.com\/de\/#organization","name":"Fedegari Autoclavi S.p.A.","url":"https:\/\/fedegari.com\/de\/","logo":{"@type":"ImageObject","inLanguage":"de","@id":"https:\/\/fedegari.com\/de\/#\/schema\/logo\/image\/","url":"https:\/\/fedegari.com\/wp-content\/uploads\/2019\/03\/fedegari_logo.jpg","contentUrl":"https:\/\/fedegari.com\/wp-content\/uploads\/2019\/03\/fedegari_logo.jpg","width":172,"height":80,"caption":"Fedegari Autoclavi S.p.A."},"image":{"@id":"https:\/\/fedegari.com\/de\/#\/schema\/logo\/image\/"},"sameAs":["https:\/\/x.com\/FedegariGroup","https:\/\/it.linkedin.com\/company\/fedegari"]}]}},"_links":{"self":[{"href":"https:\/\/fedegari.com\/de\/wp-json\/wp\/v2\/product\/6896","targetHints":{"allow":["GET"]}}],"collection":[{"href":"https:\/\/fedegari.com\/de\/wp-json\/wp\/v2\/product"}],"about":[{"href":"https:\/\/fedegari.com\/de\/wp-json\/wp\/v2\/types\/product"}],"replies":[{"embeddable":true,"href":"https:\/\/fedegari.com\/de\/wp-json\/wp\/v2\/comments?post=6896"}],"wp:attachment":[{"href":"https:\/\/fedegari.com\/de\/wp-json\/wp\/v2\/media?parent=6896"}],"wp:term":[{"taxonomy":"product_cat","embeddable":true,"href":"https:\/\/fedegari.com\/de\/wp-json\/wp\/v2\/product_cat?post=6896"},{"taxonomy":"product_tag","embeddable":true,"href":"https:\/\/fedegari.com\/de\/wp-json\/wp\/v2\/product_tag?post=6896"}],"curies":[{"name":"wp","href":"https:\/\/api.w.org\/{rel}","templated":true}]}}