{"id":5638,"date":"2019-09-22T20:38:36","date_gmt":"2019-09-22T18:38:36","guid":{"rendered":"https:\/\/fedegari.com\/training\/"},"modified":"2024-09-18T11:48:32","modified_gmt":"2024-09-18T09:48:32","slug":"training","status":"publish","type":"page","link":"https:\/\/fedegari.com\/de\/training\/","title":{"rendered":"Training"},"content":{"rendered":"<p>[vc_row full_width=&#8220;stretch_row_content_no_spaces&#8220; equal_height=&#8220;yes&#8220; content_placement=&#8220;middle&#8220; css=&#8220;.vc_custom_1551448839631{background-color: #eaedf2 !important;}&#8220;][vc_column width=&#8220;1\/2&#8243; css=&#8220;.vc_custom_1552990871260{background-image: url(https:\/\/fedegari.com\/wp-content\/uploads\/2019\/03\/243-Fedegari-PhilipGabrielPhotography.jpg?id=708) !important;background-position: center !important;background-repeat: no-repeat !important;background-size: cover !important;}&#8220; offset=&#8220;vc_hidden-xs&#8220;][\/vc_column][vc_column width=&#8220;1\/2&#8243;][vc_row_inner css=&#8220;.vc_custom_1551447616941{padding-right: 30px !important;padding-left: 30px !important;}&#8220;][vc_column_inner width=&#8220;1\/6&#8243;][\/vc_column_inner][vc_column_inner width=&#8220;2\/3&#8243;][vc_empty_space height=&#8220;60px&#8220;][vc_column_text]<\/p>\n<p class=\"p1\"><span style=\"color: #686868;\"><span class=\"s1\"><b><a style=\"color: #686868;\" href=\"https:\/\/fedegari.com\/\">HOME<\/a> <i class=\"icon-right-open\"><\/i><\/b><\/span><span class=\"s1\"><b> SERVIZI <i class=\"icon-right-open\"><\/i><\/b><\/span><\/span><span class=\"s3\"><b>\u00a0<span style=\"color: #000000;\">TRAINING<\/span><\/b><\/span><\/p>\n<p>[\/vc_column_text][vc_empty_space height=&#8220;15px&#8220;][vc_column_text css_animation=&#8220;fadeIn&#8220;]<\/p>\n<h1 class=\"p1\"><span class=\"s1\"><b>TRAINING &amp; AUSBILDUNG<\/b><\/span><\/h1>\n<p>[\/vc_column_text][vc_empty_space height=&#8220;45px&#8220;][vc_column_text css_animation=&#8220;fadeIn&#8220;]Bei Fedegari wurde das Konzept der &#8222;<strong>Ausbildung<\/strong>\u201c ausgehend von Ver\u00e4nderungen in unserem Markt und neuen Kundenbed\u00fcrfnissen entwickelt. Die Notwendigkeit, Effizienz, Produktivit\u00e4t und Zuverl\u00e4ssigkeit zu steigern, hat uns veranlasst, den Schwerpunkt auf das praktische Lernen zu legen: Nur eingehende Kenntnis, die sich aus der Verwendung der Fedegari L\u00f6sungen ergibt, erm\u00f6glicht es, optimale und unvergleichliche Leistungen zu erzielen.<\/p>\n<p>Die <strong>Technology Center<\/strong> wurden genau daf\u00fcr konzipiert: Sie sollen unseren Kunden erm\u00f6glichen, ein tieferes Verst\u00e4ndnis unserer Technologien und unserer Produkte zu entwickeln.<\/p>\n<p>In unseren Schulungszentren stehen das Know-how und die Erfahrung aus 60 Jahren Geschichte denen zur Verf\u00fcgung, die aus allen Teilen der Welt kommen, damit sie technische Kenntnisse erwerben und st\u00e4ndige Prozessinnovation kennenlernen.[\/vc_column_text][vc_empty_space height=&#8220;30px&#8220;][vc_btn title=&#8220;LERNE MIT UNS&#8220; style=&#8220;outline&#8220; shape=&#8220;square&#8220; color=&#8220;inverse&#8220; size=&#8220;lg&#8220; align=&#8220;left&#8220; css_animation=&#8220;fadeIn&#8220; link=&#8220;url:https%3A%2F%2Ffedegari.com%2Fde%2Fkontakt-form%2F&#8220;][vc_empty_space height=&#8220;30px&#8220;][vc_icon icon_fontawesome=&#8220;fa fa-chevron-down&#8220; color=&#8220;custom&#8220; size=&#8220;xs&#8220; css_animation=&#8220;bounceInDown&#8220; custom_color=&#8220;#686868&#8243;][vc_separator color=&#8220;custom&#8220; accent_color=&#8220;#727272&#8243;][vc_empty_space height=&#8220;15px&#8220;][vc_column_text]<\/p>\n<p class=\"p1\" style=\"text-align: right;\"><span style=\"color: #686868;\"><a style=\"color: #686868;\" href=\"https:\/\/fedegari.com\/de\/techcenter\/\" target=\"_blank\" rel=\"noopener noreferrer\"><span class=\"s1\"><b>TECHCENTER <i class=\"icon-right-open\"><\/i><br \/>\n<\/b><\/span><\/a><a style=\"color: #686868;\" href=\"https:\/\/fedegari.com\/de\/kundenservice\/\" target=\"_blank\" rel=\"noopener noreferrer\"><span class=\"s1\"><b>KUNDENSERVICE <i class=\"icon-right-open\"><\/i><\/b><\/span><\/a><br \/>\n<a style=\"color: #686868;\" href=\"https:\/\/fedegari.com\/de\/so-finden-sie-fedegari\/\" target=\"_blank\" rel=\"noopener noreferrer\"><span class=\"s1\"><b>SO FINDEN SIE FEDEGARI <i class=\"icon-right-open\"><\/i><\/b><\/span><\/a><br \/>\n<\/span><\/p>\n<p>[\/vc_column_text][\/vc_column_inner][vc_column_inner width=&#8220;1\/6&#8243;][\/vc_column_inner][\/vc_row_inner][vc_row_inner][vc_column_inner offset=&#8220;vc_hidden-lg vc_hidden-md vc_hidden-sm&#8220;][vc_empty_space height=&#8220;20px&#8220;][vc_single_image image=&#8220;5640&#8243; img_size=&#8220;full&#8220;][\/vc_column_inner][\/vc_row_inner][vc_row_inner][vc_column_inner offset=&#8220;vc_hidden-xs&#8220;][vc_empty_space height=&#8220;20px&#8220;][\/vc_column_inner][\/vc_row_inner][\/vc_column][\/vc_row][vc_row full_width=&#8220;stretch_row&#8220; equal_height=&#8220;yes&#8220; disable_element=&#8220;yes&#8220; css=&#8220;.vc_custom_1552925223545{margin-top: 60px !important;margin-bottom: 60px !important;}&#8220; el_id=&#8220;content&#8220;][vc_column width=&#8220;1\/2&#8243;][vc_column_text css_animation=&#8220;fadeIn&#8220;]<\/p>\n<h2 class=\"p1\"><span class=\"s1\"><b>Nei primi anni \u201990, ha diversificato la sua produzione anche nel campo dei processi con fluidi supercritici (principalmente CO<sub>2<\/sub>), progettando e costruendo sistemi e macchine concepite per i processi di estrazione e di lavaggio.<\/b><\/span><\/h2>\n<p>&nbsp;<\/p>\n<p class=\"p3\"><span class=\"s1\">Ein einzigartiges Merkmal von Fedegari ist die extreme Vertikalisierung des Unternehmens. Es hat sich immer geweigert, hochentwickelte Sterilisatoren und Maschinen mit Standardkomponenten (COTS) zusammenzubauen, die f\u00fcr vielf\u00e4ltige Anwendungen ausgelegt sind, und stellt daher alles betriebsintern her. Dies erm\u00f6glichte im Laufe der Jahre, die Technologie durch eine fundierte Kenntnis der Maschinen und Prozesse zu beherrschen und somit die eigenen Produkte st\u00e4ndig zu erneuern.<\/span><\/p>\n<p class=\"p3\"><span class=\"s1\">Negli ultimi anni Fedegari ha allargato la gamma dei prodotti includendo macchine per processi di biodecontaminazione (una delle tecnologie introdotte dopo l\u2019acquisizione di Bio Com nel 2010), isolatori per il test di sterilit\u00e0, sterilizzatori rotanti e combinanti per il lavaggio e la sterilizzazione per diverse applicazioni.<\/span><\/p>\n<p>[\/vc_column_text][\/vc_column][vc_column width=&#8220;1\/2&#8243;][vc_row_inner][vc_column_inner offset=&#8220;vc_hidden-xs&#8220;][vc_empty_space height=&#8220;60px&#8220;][\/vc_column_inner][\/vc_row_inner][vc_column_text css_animation=&#8220;fadeIn&#8220;]<\/p>\n<p class=\"p1\"><span class=\"s1\">Un altro sviluppo interessante \u00e8 il controllore di processo Thema4 installato su tutti gli sterilizzatori, unit\u00e0 di <\/span><span class=\"s1\">bio-decontaminazione e sulle altre macchine Fedegari (isolatori, lava-sterilizzatori, ecc.) Thema4 \u00e8 il solo controllo di processo sviluppato fin dall\u2019inizio per soddisfare i requisiti pi\u00f9 rigorosi dell\u2019industria farmaceutica e in grado di integrarsi in maniera nativa con i sistemi SCADA e MES in uso.<\/span><\/p>\n<p class=\"p1\"><span class=\"s1\">Die Sterilisatoren, Biodekontaminationseinheiten und anderen Maschinen von Fedegari werden \u00fcber ein Netzwerk lokaler Integratoren auf der ganzen Welt vertrieben, das den Betrieb und den Kundenservice f\u00fcr die Nutzer w\u00e4hrend des gesamten Lebenszyklus der Maschine gew\u00e4hrleistet.<\/span><\/p>\n<p>[\/vc_column_text][\/vc_column][\/vc_row][vc_row full_width=&#8220;stretch_row_content_no_spaces&#8220; equal_height=&#8220;yes&#8220; css=&#8220;.vc_custom_1552989026254{background-color: #eaedf2 !important;}&#8220;][vc_column][vc_row_inner css=&#8220;.vc_custom_1552925268993{background-color: #c4161c !important;}&#8220;][vc_column_inner][vc_empty_space height=&#8220;20px&#8220;][\/vc_column_inner][\/vc_row_inner][\/vc_column][\/vc_row]<\/p>\n","protected":false},"excerpt":{"rendered":"<p>[vc_row full_width=&#8220;stretch_row_content_no_spaces&#8220; equal_height=&#8220;yes&#8220; content_placement=&#8220;middle&#8220; css=&#8220;.vc_custom_1551448839631{background-color: #eaedf2 !important;}&#8220;][vc_column width=&#8220;1\/2&#8243; css=&#8220;.vc_custom_1552990871260{background-image: url(https:\/\/fedegari.com\/wp-content\/uploads\/2019\/03\/243-Fedegari-PhilipGabrielPhotography.jpg?id=708) !important;background-position: center !important;background-repeat: no-repeat<span class=\"excerpt-hellip\"> [\u2026]<\/span><\/p>\n","protected":false},"author":1,"featured_media":0,"parent":0,"menu_order":0,"comment_status":"closed","ping_status":"closed","template":"","meta":{"footnotes":""},"class_list":["post-5638","page","type-page","status-publish","hentry"],"yoast_head":"<!-- This site is optimized with the Yoast SEO plugin v26.8 - https:\/\/yoast.com\/product\/yoast-seo-wordpress\/ -->\n<title>Training - Fedegari - Solutions for Sterile Drug Manufacturing<\/title>\n<meta name=\"robots\" content=\"index, follow, max-snippet:-1, max-image-preview:large, max-video-preview:-1\" \/>\n<link rel=\"canonical\" href=\"https:\/\/fedegari.com\/de\/training\/\" \/>\n<meta property=\"og:locale\" content=\"de_DE\" \/>\n<meta property=\"og:type\" content=\"article\" \/>\n<meta property=\"og:title\" content=\"Training - Fedegari - Solutions for Sterile Drug Manufacturing\" \/>\n<meta property=\"og:description\" content=\"[vc_row full_width=&#8220;stretch_row_content_no_spaces&#8220; equal_height=&#8220;yes&#8220; content_placement=&#8220;middle&#8220; css=&#8220;.vc_custom_1551448839631{background-color: #eaedf2 !important;}&#8220;][vc_column width=&#8220;1\/2&#8243; css=&#8220;.vc_custom_1552990871260{background-image: url(https:\/\/fedegari.com\/wp-content\/uploads\/2019\/03\/243-Fedegari-PhilipGabrielPhotography.jpg?id=708) !important;background-position: center !important;background-repeat: no-repeat [\u2026]\" \/>\n<meta property=\"og:url\" content=\"https:\/\/fedegari.com\/de\/training\/\" \/>\n<meta property=\"og:site_name\" content=\"Fedegari - Solutions for Sterile Drug Manufacturing\" \/>\n<meta property=\"article:modified_time\" content=\"2024-09-18T09:48:32+00:00\" \/>\n<meta name=\"twitter:card\" content=\"summary_large_image\" \/>\n<meta name=\"twitter:site\" content=\"@FedegariGroup\" \/>\n<meta name=\"twitter:label1\" content=\"Gesch\u00e4tzte Lesezeit\" \/>\n\t<meta name=\"twitter:data1\" content=\"3\u00a0Minuten\" \/>\n<!-- \/ Yoast SEO plugin. -->","yoast_head_json":{"title":"Training - Fedegari - Solutions for Sterile Drug Manufacturing","robots":{"index":"index","follow":"follow","max-snippet":"max-snippet:-1","max-image-preview":"max-image-preview:large","max-video-preview":"max-video-preview:-1"},"canonical":"https:\/\/fedegari.com\/de\/training\/","og_locale":"de_DE","og_type":"article","og_title":"Training - Fedegari - Solutions for Sterile Drug Manufacturing","og_description":"[vc_row full_width=&#8220;stretch_row_content_no_spaces&#8220; equal_height=&#8220;yes&#8220; content_placement=&#8220;middle&#8220; css=&#8220;.vc_custom_1551448839631{background-color: #eaedf2 !important;}&#8220;][vc_column width=&#8220;1\/2&#8243; css=&#8220;.vc_custom_1552990871260{background-image: url(https:\/\/fedegari.com\/wp-content\/uploads\/2019\/03\/243-Fedegari-PhilipGabrielPhotography.jpg?id=708) !important;background-position: center !important;background-repeat: no-repeat [\u2026]","og_url":"https:\/\/fedegari.com\/de\/training\/","og_site_name":"Fedegari - Solutions for Sterile Drug Manufacturing","article_modified_time":"2024-09-18T09:48:32+00:00","twitter_card":"summary_large_image","twitter_site":"@FedegariGroup","twitter_misc":{"Gesch\u00e4tzte Lesezeit":"3\u00a0Minuten"},"schema":{"@context":"https:\/\/schema.org","@graph":[{"@type":"WebPage","@id":"https:\/\/fedegari.com\/de\/training\/","url":"https:\/\/fedegari.com\/de\/training\/","name":"Training - Fedegari - Solutions for Sterile Drug Manufacturing","isPartOf":{"@id":"https:\/\/fedegari.com\/de\/#website"},"datePublished":"2019-09-22T18:38:36+00:00","dateModified":"2024-09-18T09:48:32+00:00","breadcrumb":{"@id":"https:\/\/fedegari.com\/de\/training\/#breadcrumb"},"inLanguage":"de","potentialAction":[{"@type":"ReadAction","target":["https:\/\/fedegari.com\/de\/training\/"]}]},{"@type":"BreadcrumbList","@id":"https:\/\/fedegari.com\/de\/training\/#breadcrumb","itemListElement":[{"@type":"ListItem","position":1,"name":"Home","item":"https:\/\/fedegari.com\/de\/"},{"@type":"ListItem","position":2,"name":"Training"}]},{"@type":"WebSite","@id":"https:\/\/fedegari.com\/de\/#website","url":"https:\/\/fedegari.com\/de\/","name":"Fedegari - Solutions for Sterile Drug Manufacturing","description":"Passion beyond sterilization","publisher":{"@id":"https:\/\/fedegari.com\/de\/#organization"},"potentialAction":[{"@type":"SearchAction","target":{"@type":"EntryPoint","urlTemplate":"https:\/\/fedegari.com\/de\/?s={search_term_string}"},"query-input":{"@type":"PropertyValueSpecification","valueRequired":true,"valueName":"search_term_string"}}],"inLanguage":"de"},{"@type":"Organization","@id":"https:\/\/fedegari.com\/de\/#organization","name":"Fedegari Autoclavi S.p.A.","url":"https:\/\/fedegari.com\/de\/","logo":{"@type":"ImageObject","inLanguage":"de","@id":"https:\/\/fedegari.com\/de\/#\/schema\/logo\/image\/","url":"https:\/\/fedegari.com\/wp-content\/uploads\/2019\/03\/fedegari_logo.jpg","contentUrl":"https:\/\/fedegari.com\/wp-content\/uploads\/2019\/03\/fedegari_logo.jpg","width":172,"height":80,"caption":"Fedegari Autoclavi S.p.A."},"image":{"@id":"https:\/\/fedegari.com\/de\/#\/schema\/logo\/image\/"},"sameAs":["https:\/\/x.com\/FedegariGroup","https:\/\/it.linkedin.com\/company\/fedegari"]}]}},"_links":{"self":[{"href":"https:\/\/fedegari.com\/de\/wp-json\/wp\/v2\/pages\/5638","targetHints":{"allow":["GET"]}}],"collection":[{"href":"https:\/\/fedegari.com\/de\/wp-json\/wp\/v2\/pages"}],"about":[{"href":"https:\/\/fedegari.com\/de\/wp-json\/wp\/v2\/types\/page"}],"author":[{"embeddable":true,"href":"https:\/\/fedegari.com\/de\/wp-json\/wp\/v2\/users\/1"}],"replies":[{"embeddable":true,"href":"https:\/\/fedegari.com\/de\/wp-json\/wp\/v2\/comments?post=5638"}],"version-history":[{"count":2,"href":"https:\/\/fedegari.com\/de\/wp-json\/wp\/v2\/pages\/5638\/revisions"}],"predecessor-version":[{"id":22141,"href":"https:\/\/fedegari.com\/de\/wp-json\/wp\/v2\/pages\/5638\/revisions\/22141"}],"wp:attachment":[{"href":"https:\/\/fedegari.com\/de\/wp-json\/wp\/v2\/media?parent=5638"}],"curies":[{"name":"wp","href":"https:\/\/api.w.org\/{rel}","templated":true}]}}