{"id":5603,"date":"2019-09-22T20:16:47","date_gmt":"2019-09-22T18:16:47","guid":{"rendered":"https:\/\/fedegari.com\/techcenter\/"},"modified":"2024-11-14T16:20:30","modified_gmt":"2024-11-14T15:20:30","slug":"techcenter","status":"publish","type":"page","link":"https:\/\/fedegari.com\/de\/techcenter\/","title":{"rendered":"Techcenter"},"content":{"rendered":"<p>[vc_row full_width=&#8220;stretch_row_content_no_spaces&#8220; equal_height=&#8220;yes&#8220; content_placement=&#8220;middle&#8220; css=&#8220;.vc_custom_1551448839631{background-color: #eaedf2 !important;}&#8220;][vc_column width=&#8220;1\/2&#8243; css=&#8220;.vc_custom_1553095828792{background-image: url(https:\/\/fedegari.com\/wp-content\/uploads\/2019\/03\/Tech-Center-Italy.jpg?id=859) !important;background-position: center !important;background-repeat: no-repeat !important;background-size: cover !important;}&#8220; offset=&#8220;vc_hidden-xs&#8220;][\/vc_column][vc_column width=&#8220;1\/2&#8243;][vc_row_inner css=&#8220;.vc_custom_1551447616941{padding-right: 30px !important;padding-left: 30px !important;}&#8220;][vc_column_inner width=&#8220;1\/6&#8243;][\/vc_column_inner][vc_column_inner width=&#8220;2\/3&#8243;][vc_empty_space height=&#8220;60px&#8220;][vc_column_text]<\/p>\n<p class=\"p1\"><span style=\"color: #686868;\"><span class=\"s1\"><b><a style=\"color: #686868;\" href=\"https:\/\/fedegari.com\/\">HOME<\/a> <i class=\"icon-right-open\"><\/i><\/b><\/span> <span class=\"s1\"><b>SERVICES <i class=\"icon-right-open\"><\/i><\/b><\/span><\/span><span class=\"s3\"><b><span style=\"color: #000000;\">TECHCENTER<\/span><\/b><\/span><\/p>\n<p>[\/vc_column_text][vc_empty_space height=&#8220;15px&#8220;][vc_column_text css_animation=&#8220;fadeIn&#8220;]<\/p>\n<h1 class=\"p1\"><span class=\"s1\"><b>TECHCENTER<\/b><\/span><\/h1>\n<p>[\/vc_column_text][vc_empty_space height=&#8220;45px&#8220;][vc_column_text css_animation=&#8220;fadeIn&#8220;]Fedegari Technologiezentren sind Orte f\u00fcr den Informations-Austausch, der Innovation und des Lernens. <strong>Experten<\/strong>, <strong>Kunden<\/strong> und <strong>Hersteller<\/strong> arbeiten eng an gemeinsamen L\u00f6sungen zusammen.<\/p>\n<p>Unsere Firmengruppe begann mit der Entwicklung innovativer L\u00f6sungsans\u00e4tze bei einem grunds\u00e4tzlichen Ansatz: Anstelle uns auf die Entwicklung einer bestimmten Komponente oder Technologie zu konzentrieren, nutzen wir das bestehende <strong>Know-How<\/strong> und <strong>Wissen<\/strong> in die Entwicklung neuer Innovationen.<\/p>\n<p>Unsere Einrichtungen in Italien und den USA spiegeln genau diesen Ansatz widere: wir erm\u00f6glichen es hier unseren Kunden, das gesamte Potential unserer Innovationen und Produkte selbst zu erfahren.[\/vc_column_text][vc_empty_space height=&#8220;30px&#8220;][vc_btn title=&#8220;ENTDECKEN SIE UNSERE TECH CENTERS&#8220; style=&#8220;outline&#8220; shape=&#8220;square&#8220; color=&#8220;inverse&#8220; size=&#8220;lg&#8220; align=&#8220;left&#8220; css_animation=&#8220;fadeIn&#8220; link=&#8220;url:%2Fde%2Fkontakt-form%2F&#8220;][vc_empty_space height=&#8220;30px&#8220;][vc_icon icon_fontawesome=&#8220;fa fa-chevron-down&#8220; color=&#8220;custom&#8220; size=&#8220;xs&#8220; css_animation=&#8220;bounceInDown&#8220; custom_color=&#8220;#686868&#8243;][vc_separator color=&#8220;custom&#8220; accent_color=&#8220;#727272&#8243;][vc_empty_space height=&#8220;15px&#8220;][vc_column_text]<\/p>\n<p class=\"p1\" style=\"text-align: right;\"><span style=\"color: #686868;\"><a style=\"color: #686868;\" href=\"https:\/\/fedegari.com\/de\/kundenservice\/\" target=\"_blank\" rel=\"noopener noreferrer\"><span class=\"s1\"><b>KUNDENSERVICE <i class=\"icon-right-open\"><\/i><br \/>\n<\/b><\/span><\/a><a style=\"color: #686868;\" href=\"https:\/\/fedegari.com\/training\/\" target=\"_blank\" rel=\"noopener noreferrer\"><span class=\"s1\"><b>TRAINING <i class=\"icon-right-open\"><\/i><\/b><\/span><\/a> <\/span><\/p>\n<p>[\/vc_column_text][\/vc_column_inner][vc_column_inner width=&#8220;1\/6&#8243;][\/vc_column_inner][\/vc_row_inner][vc_row_inner][vc_column_inner offset=&#8220;vc_hidden-lg vc_hidden-md vc_hidden-sm&#8220;][vc_empty_space height=&#8220;20px&#8220;][vc_single_image image=&#8220;5613&#8243; img_size=&#8220;full&#8220;][\/vc_column_inner][\/vc_row_inner][vc_row_inner][vc_column_inner offset=&#8220;vc_hidden-xs&#8220;][vc_empty_space height=&#8220;20px&#8220;][\/vc_column_inner][\/vc_row_inner][\/vc_column][\/vc_row][vc_row full_width=&#8220;stretch_row&#8220; gap=&#8220;30&#8243; equal_height=&#8220;yes&#8220; css=&#8220;.vc_custom_1725533555713{margin-top: 60px !important;}&#8220; el_id=&#8220;content&#8220;][vc_column width=&#8220;1\/2&#8243;][vc_column_text css_animation=&#8220;fadeIn&#8220;]<\/p>\n<h2><strong>FEDEGARI TECHCENTER ITALIEN<\/strong><\/h2>\n<p>Das Fedegari Techcenter Italien befindet sich in Albuzzano (PV), am Hauptsitz der Gruppe.<\/p>\n<p>Am italienischen Sitz k\u00f6nnen unsere Kunden auf die Professionalit\u00e4t unserer Techniker und unserer Experten in Forschung &amp; Entwicklung z\u00e4hlen, um verschiedene Tests durchzuf\u00fchren, Prozesse zu beurteilen und ihre eigenen Zyklen entsprechend den Anforderungen zu entwickeln.<\/p>\n<p>Im Fedegari Techcenter Italien k\u00f6nnen Sie folgende Prozessmaschinen finden:<\/p>\n<p><strong>Laborbereich:<br \/>\n<\/strong>FVA3\/ A1 &#8211; Vertikaler Sterilisator<br \/>\nFGW &#8211; Glaswarensp\u00fclmaschine<br \/>\nBINDER &#8211; Inkubator<\/p>\n<p><strong>Industriebereich:<br \/>\n<\/strong>FOAF &#8211; Sattdampf- \/ Dampf-\/Luft-Gemisch-Sterilisator<br \/>\nFOWS &#8211; Reinigungs- Sterilisator mit Waschfunktion<br \/>\nFOD &#8211; Hei\u00dfluftsterilisator<br \/>\nFOW &#8211; Hei\u00dfwasser-Berieselungs-Sterilisator<br \/>\nFCDV &#8211; Bio-Dekontaminationseinheit (Wasserstoffperoxid)[\/vc_column_text][vc_empty_space height=&#8220;20px&#8220;][\/vc_column][vc_column width=&#8220;1\/2&#8243;][vc_single_image image=&#8220;5609&#8243; img_size=&#8220;full&#8220;][vc_empty_space height=&#8220;20px&#8220;][vc_column_text]<\/p>\n<h5 style=\"text-align: left;\"><strong>FEDEGARI TECHCENTER ITALIEN<\/strong><\/h5>\n<div class=\"hidden\">\n<p style=\"text-align: left;\"><strong>Adresse <\/strong> <a href=\"https:\/\/goo.gl\/maps\/WYPEmZpLn7A4cfkB6\">Strada Statale 235 km 8, Albuzzano PV<\/a><br \/>\n<a href=\"tel:+39 0382 434111\">+39 0382 434111<\/a><br \/>\n<strong>E-Mail<\/strong> <a href=\"mailto:fedegari@fedegari.com\">fedegari@fedegari.com<\/a><\/p>\n<\/div>\n<p>[\/vc_column_text][vc_empty_space height=&#8220;20px&#8220;][\/vc_column][\/vc_row][vc_row full_width=&#8220;stretch_row&#8220; gap=&#8220;30&#8243; equal_height=&#8220;yes&#8220; css=&#8220;.vc_custom_1731581497979{margin-top: 60px !important;padding-top: 60px !important;padding-bottom: 60px !important;background-color: #eaedf2 !important;}&#8220;][vc_column width=&#8220;1\/2&#8243;][vc_column_text css_animation=&#8220;fadeIn&#8220;]<\/p>\n<h2><strong>FEDEGARI TECHCENTER USA<\/strong><\/h2>\n<p>Das Fedegari Techcenter USA befindet sich in Sellersville, PA, am US Hauptsitz der Fedegari Gruppe.<\/p>\n<p>Im Techcenter USA k\u00f6nnen die Kunden auf die Unterst\u00fctzung unserer Techniker und die Professionalit\u00e4t des Personals der Forschung &amp; Entwicklung z\u00e4hlen, die spezielle Prozesszyklen entsprechend den Merkmalen des zu verarbeitenden Produktes entwickeln k\u00f6nnen.<\/p>\n<p>Im Fedegari Techcenter in Sellersville, PA, k\u00f6nnen Sie folgende Prozessmaschinen finden:<\/p>\n<p><strong>Laborbereich:<br \/>\n<\/strong>BINDER &#8211; Inkubator<\/p>\n<p><strong>Industriebereich:<br \/>\n<\/strong>FCDV &#8211; Bio-Dekontaminationseinheit (Wasserstoffperoxid)<br \/>\nFOAF &#8211; Sattdampf- \/ Dampf-\/Luft-Gemisch-Sterilisator<br \/>\nFOWS &#8211; Reinigungs- Sterilisator mit Waschfunktion<br \/>\nFOW &#8211; Hei\u00dfwasser-Berieselungs-Sterilisator[\/vc_column_text][vc_empty_space height=&#8220;20px&#8220;][\/vc_column][vc_column width=&#8220;1\/2&#8243;][vc_single_image image=&#8220;5605&#8243; img_size=&#8220;full&#8220;][vc_empty_space height=&#8220;20px&#8220;][vc_column_text]<\/p>\n<h5 style=\"text-align: left;\"><strong>FEDEGARI TECHCENTER USA<\/strong><\/h5>\n<div class=\"hidden\">\n<p style=\"text-align: left;\"><strong>Adresse <\/strong> <a href=\"https:\/\/goo.gl\/maps\/WYPEmZpLn7A4cfkB6\">1228 Bethlehem Pike, Sellersville, PA 18960<\/a><br \/>\n<a href=\"tel:+1 215-453-0400\"> +1 215-453-0400<\/a><br \/>\n<strong>E-Mail<\/strong> <a href=\"mailto:info@fedegariusa.com\">info@fedegariusa.com<\/a><\/p>\n<\/div>\n<p>[\/vc_column_text][vc_empty_space height=&#8220;20px&#8220;][\/vc_column][\/vc_row][vc_row full_width=&#8220;stretch_row&#8220; gap=&#8220;30&#8243; equal_height=&#8220;yes&#8220; css=&#8220;.vc_custom_1725533564948{margin-top: 30px !important;margin-bottom: 30px !important;}&#8220;][vc_column width=&#8220;1\/2&#8243;][vc_column_text css_animation=&#8220;fadeIn&#8220;]<\/p>\n<h2><strong>FEDEGARI TECHCENTER ASIA<\/strong><\/h2>\n<p>Das Fedegari Asian Technology Center befindet sich in unseren Einrichtungen in Singapur und bietet Kunden Zugang zu fachkundigem technischen Support und gibt unser umfangreiches Wissen weiter. In diesem Zentrum k\u00f6nnen Kunden unter Anleitung des Fedegari-Spezialistenteams eine Vielzahl von Tests durchf\u00fchren, Prozesse bewerten und benutzerdefinierte Zyklen entwickeln.<\/p>\n<p>Dieses TechCenter ist mit fortschrittlichen Prozessmaschinen f\u00fcr praktische Schulungen und Tests ausgestattet, sodass Kunden ihre Produktionskapazit\u00e4ten mithilfe der Spitzentechnologie von Fedegari vollst\u00e4ndig erkunden und optimieren k\u00f6nnen.<\/p>\n<p>Das Fedegari Technology Center Singapur l\u00e4dt Sie in unser Zentrum f\u00fcr Innovation und Wissensaustausch ein, das sich der Unterst\u00fctzung von Kunden in Asien und weltweit widmet. Unser Zentrum nutzt das umfassende Fachwissen der Fedegari-Spezialisten, um ma\u00dfgeschneiderte L\u00f6sungen zu entwickeln und bietet M\u00f6glichkeiten zur Durchf\u00fchrung von Tests, zur Bewertung von Prozessen und zur Optimierung benutzerdefinierter Zyklen zur Steigerung der Produktionseffizienz.<\/p>\n<p><strong>Laborausr\u00fcstung<\/strong><br \/>\nFVA3\/A1 \u2013 Vertikaler Dampfsterilisator<\/p>\n<p><strong>Industrieausr\u00fcstung<\/strong><br \/>\nFOAF \u2013 Dampfsterilisator \/ Dampf-Luft-Sterilisator<br \/>\nFIT \u2013 GMP-Teilewaschanlage[\/vc_column_text][vc_empty_space height=&#8220;20px&#8220;][\/vc_column][vc_column width=&#8220;1\/2&#8243;][vc_column_text css=&#8220;.vc_custom_1731597628256{margin-top: 10px !important;}&#8220;]<\/p>\n<div style=\"width: 600px;\" class=\"wp-video\"><!--[if lt IE 9]><script>document.createElement('video');<\/script><![endif]-->\n<video class=\"wp-video-shortcode\" id=\"video-5603-1\" width=\"600\" height=\"338\" poster=\"https:\/\/fedegari.com\/wp-content\/uploads\/2024\/11\/tech-asia.jpg\" preload=\"metadata\" controls=\"controls\"><source type=\"video\/mp4\" src=\"https:\/\/fedegari.com\/wp-content\/uploads\/2024\/11\/Fedegari_SGTechCenterOpening_2024-240p.mp4?_=1\" \/><a href=\"https:\/\/fedegari.com\/wp-content\/uploads\/2024\/11\/Fedegari_SGTechCenterOpening_2024-240p.mp4\">https:\/\/fedegari.com\/wp-content\/uploads\/2024\/11\/Fedegari_SGTechCenterOpening_2024-240p.mp4<\/a><\/video><\/div>\n<p>[\/vc_column_text][vc_empty_space height=&#8220;20px&#8220;][\/vc_column][\/vc_row][vc_row full_width=&#8220;stretch_row&#8220; css=&#8220;.vc_custom_1725533681717{background-color: #eaedf2 !important;}&#8220;][vc_column][vc_empty_space height=&#8220;40px&#8220;][vc_video link=&#8220;https:\/\/www.youtube.com\/watch?v=ttVTQp4cyDg&#8220;][vc_empty_space height=&#8220;40px&#8220;][\/vc_column][\/vc_row][vc_row full_width=&#8220;stretch_row&#8220; equal_height=&#8220;yes&#8220; css=&#8220;.vc_custom_1554820256426{background-color: #eaedf2 !important;}&#8220;][vc_column][vc_row_inner css=&#8220;.vc_custom_1554820272557{background-color: #c4161c !important;}&#8220;][vc_column_inner][vc_empty_space height=&#8220;20px&#8220;][\/vc_column_inner][\/vc_row_inner][\/vc_column][\/vc_row]<\/p>\n","protected":false},"excerpt":{"rendered":"<p>[vc_row full_width=&#8220;stretch_row_content_no_spaces&#8220; equal_height=&#8220;yes&#8220; content_placement=&#8220;middle&#8220; css=&#8220;.vc_custom_1551448839631{background-color: #eaedf2 !important;}&#8220;][vc_column width=&#8220;1\/2&#8243; css=&#8220;.vc_custom_1553095828792{background-image: url(https:\/\/fedegari.com\/wp-content\/uploads\/2019\/03\/Tech-Center-Italy.jpg?id=859) !important;background-position: center !important;background-repeat: no-repeat<span class=\"excerpt-hellip\"> [\u2026]<\/span><\/p>\n","protected":false},"author":1,"featured_media":0,"parent":0,"menu_order":0,"comment_status":"closed","ping_status":"closed","template":"","meta":{"footnotes":""},"class_list":["post-5603","page","type-page","status-publish","hentry"],"yoast_head":"<!-- This site is optimized with the Yoast SEO plugin v26.8 - https:\/\/yoast.com\/product\/yoast-seo-wordpress\/ -->\n<title>Techcenter - Fedegari - Solutions for Sterile Drug Manufacturing<\/title>\n<meta name=\"description\" content=\"I Fedegari Tech Center sono luoghi di cooperazione, innovazione ed apprendimento dove accademici, clienti e partner lavorano a stretto contatto.\" \/>\n<meta name=\"robots\" content=\"index, follow, max-snippet:-1, max-image-preview:large, max-video-preview:-1\" \/>\n<link rel=\"canonical\" href=\"https:\/\/fedegari.com\/de\/techcenter\/\" \/>\n<meta property=\"og:locale\" content=\"de_DE\" \/>\n<meta property=\"og:type\" content=\"article\" \/>\n<meta property=\"og:title\" content=\"Techcenter - Fedegari - Solutions for Sterile Drug Manufacturing\" \/>\n<meta property=\"og:description\" content=\"I Fedegari Tech Center sono luoghi di cooperazione, innovazione ed apprendimento dove accademici, clienti e partner lavorano a stretto contatto.\" \/>\n<meta property=\"og:url\" content=\"https:\/\/fedegari.com\/de\/techcenter\/\" \/>\n<meta property=\"og:site_name\" content=\"Fedegari - Solutions for Sterile Drug Manufacturing\" \/>\n<meta property=\"article:modified_time\" content=\"2024-11-14T15:20:30+00:00\" \/>\n<meta name=\"twitter:card\" content=\"summary_large_image\" \/>\n<meta name=\"twitter:site\" content=\"@FedegariGroup\" \/>\n<meta name=\"twitter:label1\" content=\"Gesch\u00e4tzte Lesezeit\" \/>\n\t<meta name=\"twitter:data1\" content=\"4\u00a0Minuten\" \/>\n<!-- \/ Yoast SEO plugin. -->","yoast_head_json":{"title":"Techcenter - Fedegari - Solutions for Sterile Drug Manufacturing","description":"I Fedegari Tech Center sono luoghi di cooperazione, innovazione ed apprendimento dove accademici, clienti e partner lavorano a stretto contatto.","robots":{"index":"index","follow":"follow","max-snippet":"max-snippet:-1","max-image-preview":"max-image-preview:large","max-video-preview":"max-video-preview:-1"},"canonical":"https:\/\/fedegari.com\/de\/techcenter\/","og_locale":"de_DE","og_type":"article","og_title":"Techcenter - Fedegari - Solutions for Sterile Drug Manufacturing","og_description":"I Fedegari Tech Center sono luoghi di cooperazione, innovazione ed apprendimento dove accademici, clienti e partner lavorano a stretto contatto.","og_url":"https:\/\/fedegari.com\/de\/techcenter\/","og_site_name":"Fedegari - Solutions for Sterile Drug Manufacturing","article_modified_time":"2024-11-14T15:20:30+00:00","twitter_card":"summary_large_image","twitter_site":"@FedegariGroup","twitter_misc":{"Gesch\u00e4tzte Lesezeit":"4\u00a0Minuten"},"schema":{"@context":"https:\/\/schema.org","@graph":[{"@type":"WebPage","@id":"https:\/\/fedegari.com\/de\/techcenter\/","url":"https:\/\/fedegari.com\/de\/techcenter\/","name":"Techcenter - Fedegari - Solutions for Sterile Drug Manufacturing","isPartOf":{"@id":"https:\/\/fedegari.com\/de\/#website"},"datePublished":"2019-09-22T18:16:47+00:00","dateModified":"2024-11-14T15:20:30+00:00","description":"I Fedegari Tech Center sono luoghi di cooperazione, innovazione ed apprendimento dove accademici, clienti e partner lavorano a stretto contatto.","breadcrumb":{"@id":"https:\/\/fedegari.com\/de\/techcenter\/#breadcrumb"},"inLanguage":"de","potentialAction":[{"@type":"ReadAction","target":["https:\/\/fedegari.com\/de\/techcenter\/"]}]},{"@type":"BreadcrumbList","@id":"https:\/\/fedegari.com\/de\/techcenter\/#breadcrumb","itemListElement":[{"@type":"ListItem","position":1,"name":"Home","item":"https:\/\/fedegari.com\/de\/"},{"@type":"ListItem","position":2,"name":"Techcenter"}]},{"@type":"WebSite","@id":"https:\/\/fedegari.com\/de\/#website","url":"https:\/\/fedegari.com\/de\/","name":"Fedegari - Solutions for Sterile Drug Manufacturing","description":"Passion beyond sterilization","publisher":{"@id":"https:\/\/fedegari.com\/de\/#organization"},"potentialAction":[{"@type":"SearchAction","target":{"@type":"EntryPoint","urlTemplate":"https:\/\/fedegari.com\/de\/?s={search_term_string}"},"query-input":{"@type":"PropertyValueSpecification","valueRequired":true,"valueName":"search_term_string"}}],"inLanguage":"de"},{"@type":"Organization","@id":"https:\/\/fedegari.com\/de\/#organization","name":"Fedegari Autoclavi S.p.A.","url":"https:\/\/fedegari.com\/de\/","logo":{"@type":"ImageObject","inLanguage":"de","@id":"https:\/\/fedegari.com\/de\/#\/schema\/logo\/image\/","url":"https:\/\/fedegari.com\/wp-content\/uploads\/2019\/03\/fedegari_logo.jpg","contentUrl":"https:\/\/fedegari.com\/wp-content\/uploads\/2019\/03\/fedegari_logo.jpg","width":172,"height":80,"caption":"Fedegari Autoclavi S.p.A."},"image":{"@id":"https:\/\/fedegari.com\/de\/#\/schema\/logo\/image\/"},"sameAs":["https:\/\/x.com\/FedegariGroup","https:\/\/it.linkedin.com\/company\/fedegari"]}]}},"_links":{"self":[{"href":"https:\/\/fedegari.com\/de\/wp-json\/wp\/v2\/pages\/5603","targetHints":{"allow":["GET"]}}],"collection":[{"href":"https:\/\/fedegari.com\/de\/wp-json\/wp\/v2\/pages"}],"about":[{"href":"https:\/\/fedegari.com\/de\/wp-json\/wp\/v2\/types\/page"}],"author":[{"embeddable":true,"href":"https:\/\/fedegari.com\/de\/wp-json\/wp\/v2\/users\/1"}],"replies":[{"embeddable":true,"href":"https:\/\/fedegari.com\/de\/wp-json\/wp\/v2\/comments?post=5603"}],"version-history":[{"count":8,"href":"https:\/\/fedegari.com\/de\/wp-json\/wp\/v2\/pages\/5603\/revisions"}],"predecessor-version":[{"id":22532,"href":"https:\/\/fedegari.com\/de\/wp-json\/wp\/v2\/pages\/5603\/revisions\/22532"}],"wp:attachment":[{"href":"https:\/\/fedegari.com\/de\/wp-json\/wp\/v2\/media?parent=5603"}],"curies":[{"name":"wp","href":"https:\/\/api.w.org\/{rel}","templated":true}]}}