{"id":5533,"date":"2019-09-22T19:53:01","date_gmt":"2019-09-22T17:53:01","guid":{"rendered":"https:\/\/fedegari.com\/integrierte-systeme\/"},"modified":"2024-09-18T11:14:18","modified_gmt":"2024-09-18T09:14:18","slug":"integrierte-systeme","status":"publish","type":"page","link":"https:\/\/fedegari.com\/de\/integrierte-systeme\/","title":{"rendered":"Integrierte Systeme"},"content":{"rendered":"<p>[vc_row full_width=&#8220;stretch_row_content_no_spaces&#8220; equal_height=&#8220;yes&#8220; content_placement=&#8220;middle&#8220; css=&#8220;.vc_custom_1551448839631{background-color: #eaedf2 !important;}&#8220;][vc_column width=&#8220;1\/2&#8243; css=&#8220;.vc_custom_1552925094153{background-image: url(https:\/\/fedegari.com\/wp-content\/uploads\/2019\/03\/Autoclave-integrata-ad-isolatore.jpg?id=679) !important;background-position: center !important;background-repeat: no-repeat !important;background-size: cover !important;}&#8220; offset=&#8220;vc_hidden-xs&#8220;][\/vc_column][vc_column width=&#8220;1\/2&#8243;][vc_row_inner css=&#8220;.vc_custom_1551447616941{padding-right: 30px !important;padding-left: 30px !important;}&#8220;][vc_column_inner width=&#8220;1\/6&#8243;][\/vc_column_inner][vc_column_inner width=&#8220;2\/3&#8243;][vc_empty_space height=&#8220;60px&#8220;][vc_column_text]<\/p>\n<p class=\"p1\"><span style=\"color: #686868;\"><span class=\"s1\"><b><a style=\"color: #686868;\" href=\"https:\/\/fedegari.com\/\">HOME<\/a> <i class=\"icon-right-open\"><\/i><\/b><\/span> <span class=\"s1\"><b>PRODUKTE <i class=\"icon-right-open\"><\/i><\/b><\/span><\/span><span class=\"s3\"><b><span style=\"color: #000000;\">INTEGRIERTE SYSTEME<\/span><\/b><\/span><\/p>\n<p>[\/vc_column_text][vc_empty_space height=&#8220;15px&#8220;][vc_column_text css_animation=&#8220;fadeIn&#8220;]<\/p>\n<h1 class=\"p1\"><span class=\"s1\"><b>INTEGRIERTE SYSTEME<\/b><\/span><\/h1>\n<p>[\/vc_column_text][vc_empty_space height=&#8220;45px&#8220;][vc_column_text css_animation=&#8220;fadeIn&#8220;]Die Automation ist zu einem zentralen Thema f\u00fcr die pharmazeutische Produktion geworden. Der Einsatz der Robotertechnik bringt der Arzneimittelindustrie in vielerlei Hinsicht viele Vorteile. Unter dem Gesichtspunkt der Kosteneinsparung reduziert die Automation die Schulungskosten f\u00fcr das Personal und beseitigt menschliche Fehler, wodurch die Gesamteffizienz der Anlage verbessert wird. Unter dem Gesichtspunkt der Produktionsqualit\u00e4t beg\u00fcnstigt die Automation eine bessere Prozessreproduzierbarkeit, sch\u00fctzt die Bediener vor kontaminierenden Stoffen und verringert in keimfreien Umgebungen das Kontaminationsrisiko aufgrund der Anwesenheit von menschlichen Bedienern.<\/p>\n<p>In den letzten Jahren entwickelte Fedegari mit verschiedenen Kunden schl\u00fcsselfertige Sterilisationssysteme. Diese vollst\u00e4ndig robotisierten L\u00f6sungen haben dazu beigetragen, die Produktionseffizienz der Anlagen, in denen sie installiert wurden, zu steigern und alle mit dem Eingreifen menschlicher Bediener verbundenen Risiken zu verringern.[\/vc_column_text][vc_empty_space height=&#8220;60px&#8220;][vc_icon icon_fontawesome=&#8220;fa fa-chevron-down&#8220; color=&#8220;custom&#8220; size=&#8220;xs&#8220; css_animation=&#8220;bounceInDown&#8220; custom_color=&#8220;#686868&#8243;][vc_separator color=&#8220;custom&#8220; accent_color=&#8220;#727272&#8243;][vc_empty_space height=&#8220;15px&#8220;][vc_column_text]<\/p>\n<p class=\"p1\" style=\"text-align: right;\"><span style=\"color: #686868;\"><a style=\"color: #686868;\" href=\"https:\/\/fedegari.com\/de\/industrie\/\" target=\"_blank\" rel=\"noopener noreferrer\"><span class=\"s1\"><b>INDUSTRIELLE L\u00d6SUNGEN <i class=\"icon-right-open\"><\/i><br \/>\n<\/b><\/span><\/a><a style=\"color: #686868;\" href=\"https:\/\/fedegari.com\/de\/labor\/\" target=\"_blank\" rel=\"noopener noreferrer\"><span class=\"s1\"><b>LABORMASCHINEN <i class=\"icon-right-open\"><\/i><\/b><\/span><\/a> <\/span><\/p>\n<p>[\/vc_column_text][\/vc_column_inner][vc_column_inner width=&#8220;1\/6&#8243;][\/vc_column_inner][\/vc_row_inner][vc_row_inner][vc_column_inner offset=&#8220;vc_hidden-lg vc_hidden-md vc_hidden-sm&#8220;][vc_empty_space height=&#8220;20px&#8220;][vc_single_image image=&#8220;5535&#8243; img_size=&#8220;full&#8220;][\/vc_column_inner][\/vc_row_inner][vc_row_inner][vc_column_inner offset=&#8220;vc_hidden-xs&#8220;][vc_empty_space height=&#8220;20px&#8220;][\/vc_column_inner][\/vc_row_inner][\/vc_column][\/vc_row][vc_row full_width=&#8220;stretch_row&#8220; css=&#8220;.vc_custom_1564489669229{background-color: #ffffff !important;}&#8220;][vc_column][vc_empty_space height=&#8220;60px&#8220;][vc_column_text css_animation=&#8220;fadeIn&#8220;]<\/p>\n<h3 style=\"text-align: center;\"><span style=\"color: #000000;\"><strong>Fedegari, Ihr Partner bei der Implementierung integrierter Systeme.<\/strong><\/span><\/h3>\n<p>[\/vc_column_text][vc_empty_space height=&#8220;60px&#8220;][vc_video link=&#8220;https:\/\/www.youtube.com\/watch?v=iSTEPXxirGg&#8220; el_width=&#8220;70&#8243; align=&#8220;center&#8220;][vc_empty_space height=&#8220;30px&#8220;][\/vc_column][\/vc_row][vc_row full_width=&#8220;stretch_row&#8220; css=&#8220;.vc_custom_1564490158903{background-color: #ffffff !important;}&#8220;][vc_column][vc_empty_space height=&#8220;60px&#8220;][vc_column_text css_animation=&#8220;fadeIn&#8220;]<\/p>\n<h5 style=\"text-align: center;\"><span style=\"color: #000000;\"><strong>Nachstehend finden Sie Beispiele f\u00fcr die L\u00f6sungen die Fedegari seinen anspruchsvollsten Kunden bieten kann.<\/strong><\/span><\/h5>\n<p>[\/vc_column_text][vc_empty_space height=&#8220;60px&#8220;][\/vc_column][\/vc_row][vc_row full_width=&#8220;stretch_row&#8220; css=&#8220;.vc_custom_1564490718088{background-color: #ffffff !important;}&#8220;][vc_column width=&#8220;1\/2&#8243;][vc_empty_space height=&#8220;30px&#8220;][vc_video link=&#8220;https:\/\/www.youtube.com\/watch?time_continue=165&amp;v=vkhLZ6HJN7g&#8220;][vc_column_text css_animation=&#8220;fadeIn&#8220; css=&#8220;.vc_custom_1570462267164{padding-top: 15px !important;}&#8220;]<\/p>\n<h5><span style=\"color: #000000;\"><strong>Fertigspritzen-Anlage<\/strong><\/span><\/h5>\n<p><a href=\"https:\/\/fedegari.com\/prodotto\/foa-sterilizzatore-miscela-aria-vapore\/\" target=\"_blank\" rel=\"noopener noreferrer\">FOA<\/a> + robotisierte Anlage.[\/vc_column_text][vc_empty_space height=&#8220;30px&#8220;][\/vc_column][vc_column width=&#8220;1\/2&#8243;][vc_empty_space height=&#8220;30px&#8220;][vc_video link=&#8220;https:\/\/www.youtube.com\/watch?time_continue=96&amp;v=jHAyx1bDWfI&#8220;][vc_column_text css_animation=&#8220;fadeIn&#8220; css=&#8220;.vc_custom_1570462285054{padding-top: 15px !important;}&#8220;]<\/p>\n<h5><span style=\"color: #000000;\"><strong>LVP-Beutel-Anlage (Parenteralia)<\/strong><\/span><\/h5>\n<p><a href=\"https:\/\/fedegari.com\/prodotto\/fow-sterilizzatori-ad-acqua-surriscaldata\/\" target=\"_blank\" rel=\"noopener noreferrer\">FOW<\/a> + robotisierte Anlage[\/vc_column_text][vc_empty_space height=&#8220;30px&#8220;][\/vc_column][\/vc_row][vc_row full_width=&#8220;stretch_row&#8220; css=&#8220;.vc_custom_1564490718088{background-color: #ffffff !important;}&#8220;][vc_column width=&#8220;1\/2&#8243;][vc_empty_space height=&#8220;30px&#8220;][vc_video link=&#8220;https:\/\/www.youtube.com\/watch?v=bLvW92WVTU8&#8243;][vc_column_text css_animation=&#8220;fadeIn&#8220; css=&#8220;.vc_custom_1570462325184{padding-top: 15px !important;}&#8220;]<\/p>\n<h5><span style=\"color: #000000;\"><strong>LVP-Beutel-Anlage (Parenteralia)<\/strong><\/span><\/h5>\n<p><a href=\"https:\/\/fedegari.com\/prodotto\/fow-sterilizzatori-ad-acqua-surriscaldata\/\" target=\"_blank\" rel=\"noopener noreferrer\">FOW<\/a> + robotisierte Anlage[\/vc_column_text][vc_empty_space height=&#8220;30px&#8220;][\/vc_column][vc_column width=&#8220;1\/2&#8243;][vc_empty_space height=&#8220;30px&#8220;][vc_video link=&#8220;https:\/\/www.youtube.com\/watch?time_continue=96&amp;v=jHAyx1bDWfI&#8220;][vc_column_text css_animation=&#8220;fadeIn&#8220; css=&#8220;.vc_custom_1564491187142{padding-top: 15px !important;}&#8220;]<\/p>\n<h5><span style=\"color: #000000;\"><strong>Operazioni di riempimento in asettico<\/strong><\/span><\/h5>\n<p>FFW &#8211; Flexible Zelle f\u00fcr keimfreies Arbeiten[\/vc_column_text][vc_empty_space height=&#8220;30px&#8220;][\/vc_column][\/vc_row][vc_row full_width=&#8220;stretch_row&#8220; css=&#8220;.vc_custom_1564491335510{background-color: #ffffff !important;}&#8220;][vc_column][vc_empty_space height=&#8220;40px&#8220;][vc_column_text]<\/p>\n<h3 style=\"text-align: center;\">W\u00fcnschen Sie weitere Informationen zu unseren integrierten Systemen?<\/h3>\n<p>[\/vc_column_text][vc_empty_space height=&#8220;40px&#8220;][vc_btn title=&#8220;KONTAKTIEREN SIE UNS&#8220; style=&#8220;outline-custom&#8220; outline_custom_color=&#8220;#c4161c&#8220; outline_custom_hover_background=&#8220;#c4161c&#8220; outline_custom_hover_text=&#8220;#ffffff&#8220; shape=&#8220;square&#8220; size=&#8220;lg&#8220; align=&#8220;center&#8220; link=&#8220;url:%2Fde%2Fkontakt-form%2F|title:Kontakt&#8220;][\/vc_column][\/vc_row][vc_row full_width=&#8220;stretch_row&#8220; css=&#8220;.vc_custom_1564491335510{background-color: #ffffff !important;}&#8220;][vc_column][vc_empty_space height=&#8220;40px&#8220;][\/vc_column][\/vc_row][vc_row full_width=&#8220;stretch_row&#8220; equal_height=&#8220;yes&#8220; css=&#8220;.vc_custom_1551450117939{background-color: #eaedf2 !important;}&#8220;][vc_column][vc_row_inner css=&#8220;.vc_custom_1552925268993{background-color: #c4161c !important;}&#8220;][vc_column_inner][vc_empty_space height=&#8220;20px&#8220;][\/vc_column_inner][\/vc_row_inner][\/vc_column][\/vc_row]<\/p>\n","protected":false},"excerpt":{"rendered":"<p>[vc_row full_width=&#8220;stretch_row_content_no_spaces&#8220; equal_height=&#8220;yes&#8220; content_placement=&#8220;middle&#8220; css=&#8220;.vc_custom_1551448839631{background-color: #eaedf2 !important;}&#8220;][vc_column width=&#8220;1\/2&#8243; css=&#8220;.vc_custom_1552925094153{background-image: url(https:\/\/fedegari.com\/wp-content\/uploads\/2019\/03\/Autoclave-integrata-ad-isolatore.jpg?id=679) !important;background-position: center !important;background-repeat: no-repeat<span class=\"excerpt-hellip\"> [\u2026]<\/span><\/p>\n","protected":false},"author":1,"featured_media":0,"parent":0,"menu_order":0,"comment_status":"closed","ping_status":"closed","template":"","meta":{"footnotes":""},"class_list":["post-5533","page","type-page","status-publish","hentry"],"yoast_head":"<!-- This site is optimized with the Yoast SEO plugin v26.8 - https:\/\/yoast.com\/product\/yoast-seo-wordpress\/ -->\n<title>Integrierte Systeme - Fedegari - Solutions for Sterile Drug Manufacturing<\/title>\n<meta name=\"robots\" content=\"index, follow, max-snippet:-1, max-image-preview:large, max-video-preview:-1\" \/>\n<link rel=\"canonical\" href=\"https:\/\/fedegari.com\/de\/integrierte-systeme\/\" \/>\n<meta property=\"og:locale\" content=\"de_DE\" \/>\n<meta property=\"og:type\" content=\"article\" \/>\n<meta property=\"og:title\" content=\"Integrierte Systeme - Fedegari - Solutions for Sterile Drug Manufacturing\" \/>\n<meta property=\"og:description\" content=\"[vc_row full_width=&#8220;stretch_row_content_no_spaces&#8220; equal_height=&#8220;yes&#8220; content_placement=&#8220;middle&#8220; css=&#8220;.vc_custom_1551448839631{background-color: #eaedf2 !important;}&#8220;][vc_column width=&#8220;1\/2&#8243; css=&#8220;.vc_custom_1552925094153{background-image: url(https:\/\/fedegari.com\/wp-content\/uploads\/2019\/03\/Autoclave-integrata-ad-isolatore.jpg?id=679) !important;background-position: center !important;background-repeat: no-repeat [\u2026]\" \/>\n<meta property=\"og:url\" content=\"https:\/\/fedegari.com\/de\/integrierte-systeme\/\" \/>\n<meta property=\"og:site_name\" content=\"Fedegari - Solutions for Sterile Drug Manufacturing\" \/>\n<meta property=\"article:modified_time\" content=\"2024-09-18T09:14:18+00:00\" \/>\n<meta name=\"twitter:card\" content=\"summary_large_image\" \/>\n<meta name=\"twitter:site\" content=\"@FedegariGroup\" \/>\n<meta name=\"twitter:label1\" content=\"Gesch\u00e4tzte Lesezeit\" \/>\n\t<meta name=\"twitter:data1\" content=\"2\u00a0Minuten\" \/>\n<!-- \/ Yoast SEO plugin. -->","yoast_head_json":{"title":"Integrierte Systeme - Fedegari - Solutions for Sterile Drug Manufacturing","robots":{"index":"index","follow":"follow","max-snippet":"max-snippet:-1","max-image-preview":"max-image-preview:large","max-video-preview":"max-video-preview:-1"},"canonical":"https:\/\/fedegari.com\/de\/integrierte-systeme\/","og_locale":"de_DE","og_type":"article","og_title":"Integrierte Systeme - Fedegari - Solutions for Sterile Drug Manufacturing","og_description":"[vc_row full_width=&#8220;stretch_row_content_no_spaces&#8220; equal_height=&#8220;yes&#8220; content_placement=&#8220;middle&#8220; css=&#8220;.vc_custom_1551448839631{background-color: #eaedf2 !important;}&#8220;][vc_column width=&#8220;1\/2&#8243; css=&#8220;.vc_custom_1552925094153{background-image: url(https:\/\/fedegari.com\/wp-content\/uploads\/2019\/03\/Autoclave-integrata-ad-isolatore.jpg?id=679) !important;background-position: center !important;background-repeat: no-repeat [\u2026]","og_url":"https:\/\/fedegari.com\/de\/integrierte-systeme\/","og_site_name":"Fedegari - Solutions for Sterile Drug Manufacturing","article_modified_time":"2024-09-18T09:14:18+00:00","twitter_card":"summary_large_image","twitter_site":"@FedegariGroup","twitter_misc":{"Gesch\u00e4tzte Lesezeit":"2\u00a0Minuten"},"schema":{"@context":"https:\/\/schema.org","@graph":[{"@type":"WebPage","@id":"https:\/\/fedegari.com\/de\/integrierte-systeme\/","url":"https:\/\/fedegari.com\/de\/integrierte-systeme\/","name":"Integrierte Systeme - Fedegari - Solutions for Sterile Drug Manufacturing","isPartOf":{"@id":"https:\/\/fedegari.com\/de\/#website"},"datePublished":"2019-09-22T17:53:01+00:00","dateModified":"2024-09-18T09:14:18+00:00","breadcrumb":{"@id":"https:\/\/fedegari.com\/de\/integrierte-systeme\/#breadcrumb"},"inLanguage":"de","potentialAction":[{"@type":"ReadAction","target":["https:\/\/fedegari.com\/de\/integrierte-systeme\/"]}]},{"@type":"BreadcrumbList","@id":"https:\/\/fedegari.com\/de\/integrierte-systeme\/#breadcrumb","itemListElement":[{"@type":"ListItem","position":1,"name":"Home","item":"https:\/\/fedegari.com\/de\/"},{"@type":"ListItem","position":2,"name":"Integrierte Systeme"}]},{"@type":"WebSite","@id":"https:\/\/fedegari.com\/de\/#website","url":"https:\/\/fedegari.com\/de\/","name":"Fedegari - Solutions for Sterile Drug Manufacturing","description":"Passion beyond sterilization","publisher":{"@id":"https:\/\/fedegari.com\/de\/#organization"},"potentialAction":[{"@type":"SearchAction","target":{"@type":"EntryPoint","urlTemplate":"https:\/\/fedegari.com\/de\/?s={search_term_string}"},"query-input":{"@type":"PropertyValueSpecification","valueRequired":true,"valueName":"search_term_string"}}],"inLanguage":"de"},{"@type":"Organization","@id":"https:\/\/fedegari.com\/de\/#organization","name":"Fedegari Autoclavi S.p.A.","url":"https:\/\/fedegari.com\/de\/","logo":{"@type":"ImageObject","inLanguage":"de","@id":"https:\/\/fedegari.com\/de\/#\/schema\/logo\/image\/","url":"https:\/\/fedegari.com\/wp-content\/uploads\/2019\/03\/fedegari_logo.jpg","contentUrl":"https:\/\/fedegari.com\/wp-content\/uploads\/2019\/03\/fedegari_logo.jpg","width":172,"height":80,"caption":"Fedegari Autoclavi S.p.A."},"image":{"@id":"https:\/\/fedegari.com\/de\/#\/schema\/logo\/image\/"},"sameAs":["https:\/\/x.com\/FedegariGroup","https:\/\/it.linkedin.com\/company\/fedegari"]}]}},"_links":{"self":[{"href":"https:\/\/fedegari.com\/de\/wp-json\/wp\/v2\/pages\/5533","targetHints":{"allow":["GET"]}}],"collection":[{"href":"https:\/\/fedegari.com\/de\/wp-json\/wp\/v2\/pages"}],"about":[{"href":"https:\/\/fedegari.com\/de\/wp-json\/wp\/v2\/types\/page"}],"author":[{"embeddable":true,"href":"https:\/\/fedegari.com\/de\/wp-json\/wp\/v2\/users\/1"}],"replies":[{"embeddable":true,"href":"https:\/\/fedegari.com\/de\/wp-json\/wp\/v2\/comments?post=5533"}],"version-history":[{"count":1,"href":"https:\/\/fedegari.com\/de\/wp-json\/wp\/v2\/pages\/5533\/revisions"}],"predecessor-version":[{"id":22130,"href":"https:\/\/fedegari.com\/de\/wp-json\/wp\/v2\/pages\/5533\/revisions\/22130"}],"wp:attachment":[{"href":"https:\/\/fedegari.com\/de\/wp-json\/wp\/v2\/media?parent=5533"}],"curies":[{"name":"wp","href":"https:\/\/api.w.org\/{rel}","templated":true}]}}