{"id":5497,"date":"2019-09-22T19:40:11","date_gmt":"2019-09-22T17:40:11","guid":{"rendered":"https:\/\/fedegari.com\/warum-fedegari\/"},"modified":"2024-09-18T13:09:08","modified_gmt":"2024-09-18T11:09:08","slug":"warum-fedegari","status":"publish","type":"page","link":"https:\/\/fedegari.com\/de\/warum-fedegari\/","title":{"rendered":"Warum Fedegari"},"content":{"rendered":"<p>[vc_row full_width=&#8220;stretch_row_content_no_spaces&#8220; equal_height=&#8220;yes&#8220; content_placement=&#8220;middle&#8220; css=&#8220;.vc_custom_1551448839631{background-color: #eaedf2 !important;}&#8220;][vc_column width=&#8220;1\/2&#8243; css=&#8220;.vc_custom_1552922656874{background-image: url(https:\/\/fedegari.com\/wp-content\/uploads\/2019\/03\/15.jpg?id=605) !important;background-position: center !important;background-repeat: no-repeat !important;background-size: cover !important;}&#8220; offset=&#8220;vc_hidden-xs&#8220;][\/vc_column][vc_column width=&#8220;1\/2&#8243;][vc_row_inner css=&#8220;.vc_custom_1551447616941{padding-right: 30px !important;padding-left: 30px !important;}&#8220;][vc_column_inner width=&#8220;1\/6&#8243;][\/vc_column_inner][vc_column_inner width=&#8220;2\/3&#8243;][vc_empty_space height=&#8220;60px&#8220;][vc_column_text]<\/p>\n<p class=\"p1\"><span style=\"color: #686868;\"><span class=\"s1\"><b><a style=\"color: #686868;\" href=\"https:\/\/fedegari.com\/\">HOME<\/a> <i class=\"icon-right-open\"><\/i><\/b><\/span> <span class=\"s1\"><b>DIE GRUPPE <i class=\"icon-right-open\"><\/i><\/b><\/span><\/span><span class=\"s3\"><b><span style=\"color: #000000;\">VISION UND WERTE<\/span><\/b><\/span><\/p>\n<p>[\/vc_column_text][vc_empty_space height=&#8220;15px&#8220;][vc_column_text css_animation=&#8220;fadeIn&#8220;]<\/p>\n<h1 class=\"p1\"><span class=\"s1\"><b>WAS UNS AUSZEICHNET<\/b><\/span><\/h1>\n<p>[\/vc_column_text][vc_empty_space height=&#8220;45px&#8220;][vc_column_text css_animation=&#8220;fadeIn&#8220;]<\/p>\n<h3><strong>Leidenschaft, f\u00fcr das was wir tun<\/strong><\/h3>\n<p>Seit jeher haben wir ein einziges Ziel: die besten Maschinen der Welt zu konstruieren. Deshalb achten wir auf jedes kleinste Detail unserer Maschinen und der Prozesse, f\u00fcr die sie gebaut wurden, auf der Suche nach der einfachsten und zuverl\u00e4ssigsten L\u00f6sung.[\/vc_column_text][vc_empty_space height=&#8220;60px&#8220;][vc_icon icon_fontawesome=&#8220;fa fa-chevron-down&#8220; color=&#8220;custom&#8220; size=&#8220;xs&#8220; css_animation=&#8220;bounceInDown&#8220; custom_color=&#8220;#686868&#8243;][vc_separator color=&#8220;custom&#8220; accent_color=&#8220;#727272&#8243;][vc_empty_space height=&#8220;15px&#8220;][vc_column_text]<\/p>\n<p class=\"p1\" style=\"text-align: right;\"><span class=\"s1\" style=\"color: #686868;\"><b><span style=\"color: #686868;\"><a style=\"color: #686868;\" href=\"https:\/\/fedegari.com\/de\/zertifizierungen\/\" target=\"_blank\" rel=\"noopener noreferrer\">ZERTIFIZIERUNGEN <i class=\"icon-right-open\"><\/i><\/a><\/span><br \/>\n<\/b><\/span><\/p>\n<p>[\/vc_column_text][\/vc_column_inner][vc_column_inner width=&#8220;1\/6&#8243;][\/vc_column_inner][\/vc_row_inner][vc_row_inner][vc_column_inner offset=&#8220;vc_hidden-lg vc_hidden-md vc_hidden-sm&#8220;][vc_empty_space height=&#8220;20px&#8220;][vc_single_image image=&#8220;5665&#8243; img_size=&#8220;full&#8220;][\/vc_column_inner][\/vc_row_inner][vc_row_inner][vc_column_inner offset=&#8220;vc_hidden-xs&#8220;][vc_empty_space height=&#8220;20px&#8220;][\/vc_column_inner][\/vc_row_inner][\/vc_column][\/vc_row][vc_row full_width=&#8220;stretch_row&#8220; equal_height=&#8220;yes&#8220; css=&#8220;.vc_custom_1551448777969{margin-top: 60px !important;margin-bottom: 60px !important;}&#8220; el_id=&#8220;content&#8220;][vc_column width=&#8220;1\/2&#8243;][vc_column_text css_animation=&#8220;fadeIn&#8220;]<\/p>\n<h2><strong>Unsere T\u00fcren<\/strong><\/h2>\n<p>Die T\u00fcren wurden entwickelt, um kritische Spannungspunkte zu beseitigen und dem Bediener maximale Sicherheit bei minimalem Wartungsaufwand zu gew\u00e4hrleisten.<\/p>\n<p>Die Dichtheit des unter Druck stehenden Beh\u00e4lters wird durch eine 1982 patentierte &#8222;Schwalbenschwanz\u201c-Spezialdichtung gew\u00e4hrleistet, die sich in einer in den Kammerrahmen gefr\u00e4sten Nut befindet.<\/p>\n<p>Es sind zwei T\u00fcrtypen erh\u00e4ltlich: automatische Schiebet\u00fcren und halbautomatische H\u00e4nget\u00fcren. Diese L\u00f6sungen bieten maximale Flexibilit\u00e4t und erm\u00f6glichen, den Sterilisator an alle Installationsw\u00fcnsche anzupassen. Alle T\u00fcren sind mit Sicherheitseinrichtungen sowie mechanischen, pneumatischen und Prozessverriegelungen ausgestattet, um ein versehentliches \u00d6ffnen zu verhindern.[\/vc_column_text][vc_empty_space height=&#8220;20px&#8220;][\/vc_column][vc_column width=&#8220;1\/2&#8243;][vc_column_text css_animation=&#8220;fadeIn&#8220;]<\/p>\n<h2><strong>Die Wasserleitungssysteme<\/strong><\/h2>\n<p>Jede Maschine ben\u00f6tigt, da sie unterschiedliche Prozesse ausf\u00fchren muss, ein &#8222;ma\u00dfgeschneidertes\u201c Wasserleitungssystem, das immer anders ist, aber auch wiederkehrende Leistungen gew\u00e4hrleistet. Um au\u00dfergew\u00f6hnliche Leistungen zu erzielen, muss die Technologie jedes Elements \u00fcberpr\u00fcft werden, das sich auf den Prozess auswirkt.[\/vc_column_text][\/vc_column][\/vc_row][vc_row full_width=&#8220;stretch_row_content_no_spaces&#8220;][vc_column][vc_single_image image=&#8220;5499&#8243; img_size=&#8220;full&#8220;][\/vc_column][\/vc_row][vc_row full_width=&#8220;stretch_row&#8220; equal_height=&#8220;yes&#8220; css=&#8220;.vc_custom_1552917059397{padding-top: 60px !important;padding-bottom: 60px !important;background-color: #eaedf2 !important;}&#8220;][vc_column width=&#8220;1\/2&#8243;][vc_column_text css_animation=&#8220;fadeIn&#8220;]<\/p>\n<h2><strong>Die Kammern<\/strong><\/h2>\n<p>Die Kammern sind ein wesentlicher Bestandteil von Autoklaven, da sie zyklischen Druck- und Temperaturschwankungen ausgesetzt sind, die ihre Konstruktion besch\u00e4digen k\u00f6nnen.<\/p>\n<p>Fedegari war der erste Hersteller von pharmazeutischen Prozessmaschinen, der Anfang der 80er Jahre ein originelles Design einf\u00fchrte, um die Auswirkung dieser Faktoren auf die Kammern zu reduzieren.[\/vc_column_text][vc_empty_space height=&#8220;20px&#8220;][\/vc_column][vc_column width=&#8220;1\/2&#8243;][vc_column_text css_animation=&#8220;fadeIn&#8220;]<\/p>\n<h2><strong>Die Komponenten<\/strong><\/h2>\n<p>Die Flexibilit\u00e4t und die Originalit\u00e4t von Fedegari bilden die Basis f\u00fcr die Entwicklung eines Produktionsmodells, das die Konstruktion von Systemen mit einzigartigen Eigenschaften erm\u00f6glicht. Dieses Ergebnis wurde durch die Arbeit an mehreren Fronten erreicht: Design, Entwicklung und Herstellung spezifischer Komponenten f\u00fcr jedes Projekt, die zur G\u00e4nze im eigenen Werk gefertigt wurden.[\/vc_column_text][\/vc_column][\/vc_row][vc_row full_width=&#8220;stretch_row_content_no_spaces&#8220;][vc_column][vc_single_image image=&#8220;5503&#8243; img_size=&#8220;full&#8220;][\/vc_column][\/vc_row][vc_row full_width=&#8220;stretch_row&#8220; equal_height=&#8220;yes&#8220; css=&#8220;.vc_custom_1551448777969{margin-top: 60px !important;margin-bottom: 60px !important;}&#8220;][vc_column width=&#8220;1\/2&#8243;][vc_column_text css_animation=&#8220;fadeIn&#8220;]<\/p>\n<h2><strong>FHPV &#8211; Wasserstoffperoxid-Verdampfer<\/strong><\/h2>\n<p>Da wir mit den am Markt erh\u00e4ltlichen Wasserstoffperoxid-Generatoren nicht zufrieden waren, entschieden wir uns, einen eigenen zu konstruieren. Dank der Einbindung in Thema4 \u2013 unserer Prozesssteuerung \u2013 k\u00f6nnen wir die vollst\u00e4ndige Kontrolle der Wasserstoffperoxidkonzentration w\u00e4hrend des Bio-Dekontaminationsprozesses gew\u00e4hrleisten, w\u00e4hrend sich unsere Mitbewerber auf Sch\u00e4tzungen st\u00fctzen.[\/vc_column_text][vc_empty_space height=&#8220;20px&#8220;][\/vc_column][vc_column width=&#8220;1\/2&#8243;][vc_column_text css_animation=&#8220;fadeIn&#8220;]<\/p>\n<h2><strong>Thema4 Supervision-System<\/strong><\/h2>\n<p>Das Thema4 Supervision-System stellt die Weiterentwicklung der Fedegari Prozesssteuerung dar. Durch seine Softwarearchitektur ist das Thema4 Supervision-System in der Lage verschiedene Prozessmaschinen gleichzeitig zu steuern und seine Funktionen auch mit Handlingsystemen zu integrieren, um optimalen Nutzen aus der Integration zu ziehen.[\/vc_column_text][\/vc_column][\/vc_row][vc_row full_width=&#8220;stretch_row_content_no_spaces&#8220;][vc_column][vc_empty_space height=&#8220;30px&#8220;][vc_column_text css_animation=&#8220;fadeIn&#8220;]<\/p>\n<h3 style=\"text-align: center;\"><strong>Erfahren Sie, wie unsere L\u00f6sungen Ihren Produktionsprozess optimieren k\u00f6nnen!<\/strong><\/h3>\n<p>[\/vc_column_text][vc_empty_space][\/vc_column][\/vc_row][vc_row][vc_column width=&#8220;1\/3&#8243;][vc_btn title=&#8220;INDUSTRIE&#8220; style=&#8220;outline&#8220; shape=&#8220;square&#8220; color=&#8220;black&#8220; size=&#8220;lg&#8220; align=&#8220;center&#8220; css_animation=&#8220;fadeIn&#8220; button_block=&#8220;true&#8220; link=&#8220;url:https%3A%2F%2Ffedegari.com%2Fde%2Findustrie%2F|title:Industrie|target:%20_blank|&#8220;][vc_empty_space height=&#8220;60px&#8220;][\/vc_column][vc_column width=&#8220;1\/3&#8243;][vc_btn title=&#8220;LABOR&#8220; style=&#8220;outline&#8220; shape=&#8220;square&#8220; color=&#8220;black&#8220; size=&#8220;lg&#8220; align=&#8220;center&#8220; css_animation=&#8220;fadeIn&#8220; button_block=&#8220;true&#8220; link=&#8220;url:https%3A%2F%2Ffedegari.com%2Fde%2Flabor%2F|title:Industrie|target:%20_blank|&#8220;][vc_empty_space height=&#8220;60px&#8220;][\/vc_column][vc_column width=&#8220;1\/3&#8243;][vc_btn title=&#8220;INTEGRIERTE SYSTEME&#8220; style=&#8220;outline&#8220; shape=&#8220;square&#8220; color=&#8220;black&#8220; size=&#8220;lg&#8220; align=&#8220;center&#8220; css_animation=&#8220;fadeIn&#8220; button_block=&#8220;true&#8220; link=&#8220;url:https%3A%2F%2Ffedegari.com%2Fde%2Fintegrierte-systeme%2F|title:Integrierte%20Syteme|target:%20_blank|&#8220;][vc_empty_space height=&#8220;60px&#8220;][\/vc_column][\/vc_row][vc_row full_width=&#8220;stretch_row&#8220; equal_height=&#8220;yes&#8220; css=&#8220;.vc_custom_1551450117939{background-color: #eaedf2 !important;}&#8220;][vc_column][vc_row_inner css=&#8220;.vc_custom_1553013696559{background-color: #c4161c !important;}&#8220;][vc_column_inner][vc_empty_space height=&#8220;20px&#8220;][\/vc_column_inner][\/vc_row_inner][\/vc_column][\/vc_row]<\/p>\n","protected":false},"excerpt":{"rendered":"<p>[vc_row full_width=&#8220;stretch_row_content_no_spaces&#8220; equal_height=&#8220;yes&#8220; content_placement=&#8220;middle&#8220; css=&#8220;.vc_custom_1551448839631{background-color: #eaedf2 !important;}&#8220;][vc_column width=&#8220;1\/2&#8243; css=&#8220;.vc_custom_1552922656874{background-image: url(https:\/\/fedegari.com\/wp-content\/uploads\/2019\/03\/15.jpg?id=605) !important;background-position: center !important;background-repeat: no-repeat<span class=\"excerpt-hellip\"> [\u2026]<\/span><\/p>\n","protected":false},"author":1,"featured_media":0,"parent":0,"menu_order":0,"comment_status":"closed","ping_status":"closed","template":"","meta":{"footnotes":""},"class_list":["post-5497","page","type-page","status-publish","hentry"],"yoast_head":"<!-- This site is optimized with the Yoast SEO plugin v26.8 - https:\/\/yoast.com\/product\/yoast-seo-wordpress\/ -->\n<title>Warum Fedegari - Fedegari - Solutions for Sterile Drug Manufacturing<\/title>\n<meta name=\"robots\" content=\"index, follow, max-snippet:-1, max-image-preview:large, max-video-preview:-1\" \/>\n<link rel=\"canonical\" href=\"https:\/\/fedegari.com\/de\/warum-fedegari\/\" \/>\n<meta property=\"og:locale\" content=\"de_DE\" \/>\n<meta property=\"og:type\" content=\"article\" \/>\n<meta property=\"og:title\" content=\"Warum Fedegari - Fedegari - Solutions for Sterile Drug Manufacturing\" \/>\n<meta property=\"og:description\" content=\"[vc_row full_width=&#8220;stretch_row_content_no_spaces&#8220; equal_height=&#8220;yes&#8220; content_placement=&#8220;middle&#8220; css=&#8220;.vc_custom_1551448839631{background-color: #eaedf2 !important;}&#8220;][vc_column width=&#8220;1\/2&#8243; css=&#8220;.vc_custom_1552922656874{background-image: url(https:\/\/fedegari.com\/wp-content\/uploads\/2019\/03\/15.jpg?id=605) !important;background-position: center !important;background-repeat: no-repeat [\u2026]\" \/>\n<meta property=\"og:url\" content=\"https:\/\/fedegari.com\/de\/warum-fedegari\/\" \/>\n<meta property=\"og:site_name\" content=\"Fedegari - Solutions for Sterile Drug Manufacturing\" \/>\n<meta property=\"article:modified_time\" content=\"2024-09-18T11:09:08+00:00\" \/>\n<meta name=\"twitter:card\" content=\"summary_large_image\" \/>\n<meta name=\"twitter:site\" content=\"@FedegariGroup\" \/>\n<meta name=\"twitter:label1\" content=\"Gesch\u00e4tzte Lesezeit\" \/>\n\t<meta name=\"twitter:data1\" content=\"4\u00a0Minuten\" \/>\n<!-- \/ Yoast SEO plugin. -->","yoast_head_json":{"title":"Warum Fedegari - Fedegari - Solutions for Sterile Drug Manufacturing","robots":{"index":"index","follow":"follow","max-snippet":"max-snippet:-1","max-image-preview":"max-image-preview:large","max-video-preview":"max-video-preview:-1"},"canonical":"https:\/\/fedegari.com\/de\/warum-fedegari\/","og_locale":"de_DE","og_type":"article","og_title":"Warum Fedegari - Fedegari - Solutions for Sterile Drug Manufacturing","og_description":"[vc_row full_width=&#8220;stretch_row_content_no_spaces&#8220; equal_height=&#8220;yes&#8220; content_placement=&#8220;middle&#8220; css=&#8220;.vc_custom_1551448839631{background-color: #eaedf2 !important;}&#8220;][vc_column width=&#8220;1\/2&#8243; css=&#8220;.vc_custom_1552922656874{background-image: url(https:\/\/fedegari.com\/wp-content\/uploads\/2019\/03\/15.jpg?id=605) !important;background-position: center !important;background-repeat: no-repeat [\u2026]","og_url":"https:\/\/fedegari.com\/de\/warum-fedegari\/","og_site_name":"Fedegari - Solutions for Sterile Drug Manufacturing","article_modified_time":"2024-09-18T11:09:08+00:00","twitter_card":"summary_large_image","twitter_site":"@FedegariGroup","twitter_misc":{"Gesch\u00e4tzte Lesezeit":"4\u00a0Minuten"},"schema":{"@context":"https:\/\/schema.org","@graph":[{"@type":"WebPage","@id":"https:\/\/fedegari.com\/de\/warum-fedegari\/","url":"https:\/\/fedegari.com\/de\/warum-fedegari\/","name":"Warum Fedegari - Fedegari - Solutions for Sterile Drug Manufacturing","isPartOf":{"@id":"https:\/\/fedegari.com\/de\/#website"},"datePublished":"2019-09-22T17:40:11+00:00","dateModified":"2024-09-18T11:09:08+00:00","breadcrumb":{"@id":"https:\/\/fedegari.com\/de\/warum-fedegari\/#breadcrumb"},"inLanguage":"de","potentialAction":[{"@type":"ReadAction","target":["https:\/\/fedegari.com\/de\/warum-fedegari\/"]}]},{"@type":"BreadcrumbList","@id":"https:\/\/fedegari.com\/de\/warum-fedegari\/#breadcrumb","itemListElement":[{"@type":"ListItem","position":1,"name":"Home","item":"https:\/\/fedegari.com\/de\/"},{"@type":"ListItem","position":2,"name":"Warum Fedegari"}]},{"@type":"WebSite","@id":"https:\/\/fedegari.com\/de\/#website","url":"https:\/\/fedegari.com\/de\/","name":"Fedegari - Solutions for Sterile Drug Manufacturing","description":"Passion beyond sterilization","publisher":{"@id":"https:\/\/fedegari.com\/de\/#organization"},"potentialAction":[{"@type":"SearchAction","target":{"@type":"EntryPoint","urlTemplate":"https:\/\/fedegari.com\/de\/?s={search_term_string}"},"query-input":{"@type":"PropertyValueSpecification","valueRequired":true,"valueName":"search_term_string"}}],"inLanguage":"de"},{"@type":"Organization","@id":"https:\/\/fedegari.com\/de\/#organization","name":"Fedegari Autoclavi S.p.A.","url":"https:\/\/fedegari.com\/de\/","logo":{"@type":"ImageObject","inLanguage":"de","@id":"https:\/\/fedegari.com\/de\/#\/schema\/logo\/image\/","url":"https:\/\/fedegari.com\/wp-content\/uploads\/2019\/03\/fedegari_logo.jpg","contentUrl":"https:\/\/fedegari.com\/wp-content\/uploads\/2019\/03\/fedegari_logo.jpg","width":172,"height":80,"caption":"Fedegari Autoclavi S.p.A."},"image":{"@id":"https:\/\/fedegari.com\/de\/#\/schema\/logo\/image\/"},"sameAs":["https:\/\/x.com\/FedegariGroup","https:\/\/it.linkedin.com\/company\/fedegari"]}]}},"_links":{"self":[{"href":"https:\/\/fedegari.com\/de\/wp-json\/wp\/v2\/pages\/5497","targetHints":{"allow":["GET"]}}],"collection":[{"href":"https:\/\/fedegari.com\/de\/wp-json\/wp\/v2\/pages"}],"about":[{"href":"https:\/\/fedegari.com\/de\/wp-json\/wp\/v2\/types\/page"}],"author":[{"embeddable":true,"href":"https:\/\/fedegari.com\/de\/wp-json\/wp\/v2\/users\/1"}],"replies":[{"embeddable":true,"href":"https:\/\/fedegari.com\/de\/wp-json\/wp\/v2\/comments?post=5497"}],"version-history":[{"count":3,"href":"https:\/\/fedegari.com\/de\/wp-json\/wp\/v2\/pages\/5497\/revisions"}],"predecessor-version":[{"id":22164,"href":"https:\/\/fedegari.com\/de\/wp-json\/wp\/v2\/pages\/5497\/revisions\/22164"}],"wp:attachment":[{"href":"https:\/\/fedegari.com\/de\/wp-json\/wp\/v2\/media?parent=5497"}],"curies":[{"name":"wp","href":"https:\/\/api.w.org\/{rel}","templated":true}]}}