{"id":5370,"date":"2019-09-22T17:22:33","date_gmt":"2019-09-22T15:22:33","guid":{"rendered":"https:\/\/fedegari.com\/unternehmen\/"},"modified":"2025-09-04T15:46:50","modified_gmt":"2025-09-04T13:46:50","slug":"unternehmen","status":"publish","type":"page","link":"https:\/\/fedegari.com\/de\/unternehmen\/","title":{"rendered":"Unternehmen"},"content":{"rendered":"<p>[vc_row full_width=&#8220;stretch_row_content_no_spaces&#8220; equal_height=&#8220;yes&#8220; content_placement=&#8220;middle&#8220; css=&#8220;.vc_custom_1551448839631{background-color: #eaedf2 !important;}&#8220;][vc_column width=&#8220;1\/2&#8243; css=&#8220;.vc_custom_1551447590468{background-image: url(https:\/\/fedegari.com\/wp-content\/uploads\/2019\/03\/fedegari_azienda.jpg?id=23) !important;background-position: center !important;background-repeat: no-repeat !important;background-size: cover !important;}&#8220; offset=&#8220;vc_hidden-xs&#8220;][\/vc_column][vc_column width=&#8220;1\/2&#8243;][vc_row_inner css=&#8220;.vc_custom_1551447616941{padding-right: 30px !important;padding-left: 30px !important;}&#8220;][vc_column_inner width=&#8220;1\/6&#8243;][\/vc_column_inner][vc_column_inner width=&#8220;2\/3&#8243;][vc_empty_space height=&#8220;60px&#8220;][vc_column_text]<\/p>\n<p class=\"p1\"><span style=\"color: #686868;\"><span class=\"s1\"><b><a style=\"color: #686868;\" href=\"\/de\/\">HOME<\/a> <i class=\"icon-right-open\"><\/i><\/b><\/span> <span class=\"s1\"><b>DIE GRUPPE<i class=\"icon-right-open\"><\/i><\/b><\/span><\/span><span class=\"s3\"><b><span style=\"color: #000000;\">UNTERNEHMEN<\/span><\/b><\/span><\/p>\n<p>[\/vc_column_text][vc_empty_space height=&#8220;15px&#8220;][vc_column_text css_animation=&#8220;fadeIn&#8220;]<\/p>\n<h1 class=\"p1\"><span class=\"s1\"><b>FEDEGARI AUTOCLAVI SPA<\/b><\/span><\/h1>\n<p>[\/vc_column_text][vc_empty_space height=&#8220;45px&#8220;][vc_column_text css_animation=&#8220;fadeIn&#8220;]<\/p>\n<p class=\"p1\"><span class=\"s1\"><b>Fedegari Autoclavi SpA<\/b> ist ein italienisches Unternehmen, das Teil eines internationalen Industriekonzerns ist. Unser strategisches Ziel liegt in der Lieferung von Komplettl\u00f6sungen, Maschinen, <strong>K<\/strong><b>omponenten und Dienstleistungen auf dem Gebiet der Sterilisation, chemischen Biodekontamination und im Bereich der Kontaminationskontrolle f\u00fcr die Pharma-, Biotechnologie- und Lebensmittelindustrie.<\/b> Fedegari wurde durch die Br\u00fcder Giampiero und Fortunato Fedegari Anfang der 1950er Jahre in Pavia als kleiner Handwerksbetrieb f\u00fcr die Herstellung verschiedener Stahlbauteile gegr\u00fcndet. Sp\u00e4ter entwickelte sich das Unternehmen zur Produktion von Sterilisatoren weiter und spezialisierte sich zunehmend auf die Konstruktion dieser Maschinen f\u00fcr den Einsatz im pharmazeutischen Bereich.<\/span><\/p>\n<p>[\/vc_column_text][vc_empty_space height=&#8220;60px&#8220;][vc_btn title=&#8220;LERNEN SIE DIE FEDEGARI GRUPPE KENNEN&#8220; style=&#8220;outline&#8220; shape=&#8220;square&#8220; color=&#8220;black&#8220; size=&#8220;lg&#8220; css_animation=&#8220;fadeIn&#8220; link=&#8220;url:%23FEDEGRIT|title:Unternehmen||&#8220;][vc_empty_space height=&#8220;60px&#8220;][vc_icon icon_fontawesome=&#8220;fa fa-chevron-down&#8220; color=&#8220;custom&#8220; size=&#8220;xs&#8220; css_animation=&#8220;bounceInDown&#8220; custom_color=&#8220;#686868&#8243;][vc_separator color=&#8220;custom&#8220; accent_color=&#8220;#727272&#8243;][vc_empty_space height=&#8220;15px&#8220;][vc_column_text]<\/p>\n<p class=\"p1\" style=\"text-align: right;\"><span style=\"color: #686868;\"><a style=\"color: #686868;\" href=\"https:\/\/fedegari.com\/la-storia\/\" target=\"_blank\" rel=\"noopener noreferrer\"><span class=\"s1\"><b>GESCHICHTE<i class=\"icon-right-open\"><\/i><br \/>\n<\/b><\/span><\/a><a style=\"color: #686868;\" href=\"\/de\/vision-und-werte\/\" rel=\"noopener noreferrer\"><span class=\"s1\"><b>VISION UND WERTE <i class=\"icon-right-open\"><\/i><\/b><\/span><\/a> <\/span><\/p>\n<p>[\/vc_column_text][\/vc_column_inner][vc_column_inner width=&#8220;1\/6&#8243;][\/vc_column_inner][\/vc_row_inner][vc_row_inner][vc_column_inner offset=&#8220;vc_hidden-lg vc_hidden-md vc_hidden-sm&#8220;][vc_empty_space height=&#8220;20px&#8220;][vc_single_image image=&#8220;5384&#8243; img_size=&#8220;full&#8220;][\/vc_column_inner][\/vc_row_inner][vc_row_inner][vc_column_inner offset=&#8220;vc_hidden-xs&#8220;][vc_empty_space height=&#8220;20px&#8220;][\/vc_column_inner][\/vc_row_inner][\/vc_column][\/vc_row][vc_row full_width=&#8220;stretch_row&#8220; equal_height=&#8220;yes&#8220; css=&#8220;.vc_custom_1551448777969{margin-top: 60px !important;margin-bottom: 60px !important;}&#8220; el_id=&#8220;content&#8220;][vc_column width=&#8220;1\/2&#8243;][vc_column_text css_animation=&#8220;fadeIn&#8220;]<\/p>\n<h3 class=\"p1\"><strong><span class=\"s1\">Im Laufe der Jahre hat Fedegari seine Produktion diversifiziert. Zu der Sterilisation sind vor- und nachgeschaltete Produkte, wie Biodekontaminationseinheiten, Isolatoren, Waschmaschinen und Robotersysteme zur Kontaminationskontrolle der Umgebung entwickelt worden.<\/span><\/strong><\/h3>\n<p>[\/vc_column_text][vc_empty_space height=&#8220;30&#8243;][vc_column_text css_animation=&#8220;fadeIn&#8220;]Ein einzigartiges Merkmal von Fedegari ist die extreme Vertikalisierung des Unternehmens. Es hat sich immer geweigert, hochentwickelte Sterilisatoren und Maschinen mit Standardkomponenten (COTS) zusammenzubauen, die f\u00fcr vielf\u00e4ltige Anwendungen ausgelegt sind, und stellt daher alles betriebsintern her. Dies erm\u00f6glichte im Laufe der Jahre, die Technologie durch eine fundierte Kenntnis der Maschinen und Prozesse zu beherrschen und somit die eigenen Produkte st\u00e4ndig zu erneuern.[\/vc_column_text][\/vc_column][vc_column width=&#8220;1\/2&#8243;][vc_row_inner][vc_column_inner offset=&#8220;vc_hidden-xs&#8220;][vc_empty_space height=&#8220;60px&#8220;][\/vc_column_inner][\/vc_row_inner][vc_column_text css_animation=&#8220;fadeIn&#8220;]Heute ist Fedegari in der Lage, schl\u00fcsselfertige L\u00f6sungen zu liefern und den Kunden von der Planungsphase bis zur Prozessvalidierung zu unterst\u00fctzen und zu begleiten.<\/p>\n<p>Eine weitere interessante Entwicklung ist die Prozesssteuerung <a href=\"https:\/\/fedegari.com\/cosa-ci-rende-unici\/\" target=\"_blank\" rel=\"noopener noreferrer\">Thema4<\/a>, die an allen Sterilisatoren, Bio-Dekontaminationseinheiten und sonstigen Fedegari Maschinen (<a href=\"https:\/\/fedegari.com\/prodotto\/fcts-isolatore-per-test-di-sterilita\/\" target=\"_blank\" rel=\"noopener noreferrer\">Isolatoren<\/a>, <a href=\"https:\/\/fedegari.com\/prodotto\/fsw-lavatrice-industriale\/\" target=\"_blank\" rel=\"noopener noreferrer\">Waschmaschinen<\/a>, <a href=\"https:\/\/fedegari.com\/prodotto\/fows-lavasterilizzatore\/\" target=\"_blank\" rel=\"noopener noreferrer\">Waschsterilisatoren<\/a> usw.) installiert ist. <strong>Thema4 <\/strong>ist die einzige Prozesssteuerung, die von Anfang an entwickelt wurde, um den strengsten Anforderungen der Pharmaindustrie gerecht zu werden und sich nativ in die verwendeten SCADA- und MES-Systeme zu integrieren.<\/p>\n<p>Die Sterilisatoren, Biodekontaminationseinheiten und anderen Maschinen von Fedegari werden \u00fcber ein Netzwerk lokaler Integratoren auf der ganzen Welt vertrieben, das den Betrieb und den Kundenservice f\u00fcr die Nutzer w\u00e4hrend des gesamten Lebenszyklus der Maschine gew\u00e4hrleistet.[\/vc_column_text][\/vc_column][\/vc_row][vc_row full_width=&#8220;stretch_row_content_no_spaces&#8220;][vc_column][vc_single_image image=&#8220;5372&#8243; img_size=&#8220;full&#8220; el_id=&#8220;FEDEGRIT&#8220;][\/vc_column][\/vc_row][vc_row full_width=&#8220;stretch_row&#8220; equal_height=&#8220;yes&#8220; css=&#8220;.vc_custom_1569313302557{background-color: #eaedf2 !important;}&#8220; el_id=&#8220;#FEDEGRIT&#8220;][vc_column][vc_empty_space height=&#8220;60px&#8220;][vc_column_text css_animation=&#8220;fadeIn&#8220;]<\/p>\n<h1 class=\"p1\" style=\"text-align: center;\"><span class=\"s1\"><b>DIE GRUPPE<\/b><\/span><\/h1>\n<p>[\/vc_column_text][vc_empty_space height=&#8220;30px&#8220;][vc_tta_pageable no_fill_content_area=&#8220;1&#8243; autoplay=&#8220;4&#8243; active_section=&#8220;1&#8243; pagination_style=&#8220;outline-square&#8220; pagination_color=&#8220;black&#8220;][vc_tta_section title=&#8220;Fedegari (SUISSE) SA&#8220; tab_id=&#8220;1551449199850-5bd3771a-b727&#8243;][vc_column_text css_animation=&#8220;fadeIn&#8220;]<\/p>\n<h2 class=\"p1\"><span class=\"s1\"><b>FEDEGARI (SUISSE) SA<\/b><\/span><\/h2>\n<p class=\"p3\"><span class=\"s1\">Sie wurde in den 1970er Jahren in Lugano unter dem Namen Fedegari Autoklaven AG f\u00fcr den Zusammenbau der Feld-Sterilisatoren f\u00fcr die Bundeswehr der damaligen Bundesrepublik Deutschland gegr\u00fcndet und ist ihrer Berufung zu Serienmaschinen treu geblieben.<\/span><\/p>\n<p class=\"p3\"><span class=\"s1\">2001 er\u00f6ffnet die Gesellschaft eine neue Produktionsst\u00e4tte in Bedano \u2013 dem aktuellen Gesch\u00e4ftssitz \u2013 auf einer \u00fcberdachten Fl\u00e4che von 3500 m<sup>2<\/sup> und verlagert alle T\u00e4tigkeiten im Zusammenhang mit Serienmaschinen dorthin (vorwiegend Sterilisatoren f\u00fcr Labors). Von diesen Produkten werden in Italien die kritischen Bauteile hergestellt. Auf diese Weise profitieren auch serienm\u00e4\u00dfige Sterilisatoren und Glaswarensp\u00fclmaschinen von den Erfahrungen mit komplexen Anwendungen und bieten Leistungen, die bei denjenigen, die nur in einem Marktsegment t\u00e4tig sind, undenkbar sind.<\/span><\/p>\n<p class=\"p3\"><span class=\"s1\">Neben den Sterilisatoren mit horizontaler Kammer, vertikaler Kammer und den Glaswarensp\u00fclmaschinen bietet Fedegari (SUISSE) SA technische Beratung im Vorhinein, Installation, Validierung, Kalibrierung, Wartung und Schulung \u00fcber Sterilisations- und Waschprozesse.<\/span><\/p>\n<p class=\"p3\"><span class=\"s1\">Aufgrund der Besonderheit des Marktes nutzt Fedegari (SUISSE) SA ein eigenes internationales Vertriebsnetz, das Vertreter und Wiederverk\u00e4ufer mit eigenen Kundendienstzentren umfasst.<\/span><\/p>\n<p>[\/vc_column_text][\/vc_tta_section][vc_tta_section title=&#8220;Fedegari Technologies, Inc.&#8220; tab_id=&#8220;1551449376215-4141fe1c-f326&#8243;][vc_column_text css_animation=&#8220;fadeIn&#8220;]<\/p>\n<h2><strong>FEDEGARI TECHNOLOGIES, INC.<\/strong><\/h2>\n<p>Fedegari ist seit Anfang der 1980er Jahre auf dem US-amerikanischen Markt t\u00e4tig.<\/p>\n<p>Aufgrund der Einzigartigkeit dieses Marktes und des hohen strategischen Wertes der lokalen Referenzen hat sich Fedegari entschieden, 2007 in Dublin (PA) eine \u00f6rtliche Niederlassung zu er\u00f6ffnen, die direkt mit den Kunden interagieren kann, um die spezifischen Anforderungen des Marktes besser zu verstehen und um ohne Zwischenh\u00e4ndler einen hochwertigen Kundenservice anzubieten.<\/p>\n<p>Seit 2014 hat Fedegari Technologies einen <strong>neuen Gesch\u00e4ftssitz<\/strong> in Sellersville (PA), wo ein innovatives Techcenter er\u00f6ffnet wurde, das Treffpunkt f\u00fcr Kunden und strategische Partner ist. Ein Ort, an dem kontinuierliches Experimentieren mit Sterilisations-, Wasch- und Dekontaminationsprozessen mit professioneller Schulung kombiniert wird.[\/vc_column_text][\/vc_tta_section][vc_tta_section title=&#8220;Fedegari Asia Pte Ltd&#8220; tab_id=&#8220;1551449445929-b7bf238b-3b53&#8243;][vc_column_text css_animation=&#8220;fadeIn&#8220;]<\/p>\n<h2><strong>FEDEGARI ASIA PTE LTD<\/strong><\/h2>\n<h3>Shanghai Fedegari Trading Co., Ltd<\/h3>\n<p>Die Niederlassung in Singapur wurde 2008 gegr\u00fcndet, um einen bezugspunkt f\u00fcr die Kunden und die Vertreter zu bieten, die auf den asiatischen M\u00e4rkten t\u00e4tig sind. Dies aufstrebenden M\u00e4rkte sind heute jene mit der h\u00f6chsten Wachstumsrate und erfordern daher einen eigenen Support.<\/p>\n<p>Die \u00f6rtliche Niederlassung ist in der Lage, eine Gesch\u00e4ftspr\u00e4senz sowie einen direkten Kundenservice anzubieten bzw. einen indirekten Kundenservice, dort wo unsere Vertreter bereits t\u00e4tig sind.<br \/>\nDadurch kann Fedegari direkt mit den Kunden interagieren, wenn die Besonderheiten eines Projekts besondere Kompetenzen erfordern.<\/p>\n<p class=\"p1\"><span class=\"s1\">2017 erweiterte Fedegari Asia seine Aktivit\u00e4ten mit der Er\u00f6ffnung eines neuen B\u00fcros in Shanghai, China.<\/span><\/p>\n<p>[\/vc_column_text][\/vc_tta_section][vc_tta_section title=&#8220;Fedegari GmbH&#8220; tab_id=&#8220;1551449611509-c489db6c-9297&#8243;][vc_column_text css_animation=&#8220;fadeIn&#8220;]<\/p>\n<h2><strong>FEDEGARI GMBH<\/strong><\/h2>\n<p style=\"font-weight: 400;\"><strong>Willkommen bei FEDEGARI GmbH, Ihrem Partner in der DACH-Region<\/strong><\/p>\n<p style=\"font-weight: 400;\">Seit 2010 sind wir stolz darauf, unseren Kunden in Deutschland, \u00d6sterreich und der Schweiz einen erstklassigen Service bieten zu k\u00f6nnen. Unsere Niederlassung in der DACH-Region erm\u00f6glicht es uns, Ihnen in deutscher Sprache und mit hoher Kompetenz zur Seite zu stehen.<\/p>\n<p style=\"font-weight: 400;\"><strong><u>Unser Versprechen an Sie:<\/u><\/strong><\/p>\n<ul style=\"font-weight: 400;\">\n<li><strong>Kompetente Beratung: <\/strong>Wir sind f\u00fcr Sie da, um Ihre Projekte zu realisieren, Ihre Werte zu sch\u00fctzen und Effizienzen zu steigern \u2013 sei es im Neugesch\u00e4ft oder im laufenden Betrieb.<\/li>\n<li><strong>Umfassender Service: <\/strong>Von Neuinstallationen \u00fcber Kalibrierungen, Qualifizierungen und Validierungsunterst\u00fctzung bis hin zu Ersatzteilen, Wartungen und Upgrades \u2013 wir bieten Ihnen alles aus einer Hand.<\/li>\n<li><strong>Schnelle Reaktionszeiten:<\/strong> Dank unseres wachsenden Serviceteams sind wir stets zeitnah und lokal f\u00fcr Sie verf\u00fcgbar.<\/li>\n<li><strong>Strategisch g\u00fcnstig gelegen:<\/strong> Seit 2024 sind wir in neuen, logisitsch ideal gelegenen, R\u00e4umlichkeiten in Darmstadt ans\u00e4ssig, um noch schneller bei Ihnen vor Ort zu sein.<\/li>\n<\/ul>\n<p style=\"font-weight: 400;\"><strong><u>Unsere Leistungen im \u00dcberblick: <\/u><\/strong><\/p>\n<ul style=\"font-weight: 400;\">\n<li><strong>Thermische und kalte Sterilisation<\/strong><\/li>\n<li><strong>Dekontamination und Schleusung<\/strong><\/li>\n<li><strong>Reinigung, Desinfektion und Trocknung<\/strong><\/li>\n<li><strong>Entpyrogenisierung<\/strong><\/li>\n<li><strong>Isolatoren und aktive Materialschleusen<\/strong><\/li>\n<li><strong>Robotische Logistik- und Prozessierungssysteme<\/strong><\/li>\n<li><strong>Serviceleistungen f\u00fcr die dazugeh\u00f6rigen Prozesse<\/strong><\/li>\n<\/ul>\n<p style=\"font-weight: 400;\"><strong><br \/>\n<u>Warum Fedegari?<\/u><\/strong><\/p>\n<p style=\"font-weight: 400;\">Wir nehmen uns Zeit, Ihre Aufgabenstellungen richtig zu verstehen, um dann daraus im gemeinsamen Dialog mit Ihnen die bestm\u00f6glichen L\u00f6sungen f\u00fcr Sie zu finden.<\/p>\n<p style=\"font-weight: 400;\">Bitte kontaktieren Sie uns direkt und idealerweise in einem fr\u00fchen Stadium Ihrer Projekte. Wir helfen Ihnen gerne weiter: Gr\u00fcndlich, z\u00fcgig und kompetent.<\/p>\n<p>[\/vc_column_text][\/vc_tta_section][vc_tta_section title=&#8220;Fedegari Rus OOO&#8220; tab_id=&#8220;1557819225289-bee1b050-6663&#8243;][vc_column_text]<\/p>\n<h2><strong>FEDEGARI RUS OOO<\/strong><\/h2>\n<p>Im Jahr 2019 er\u00f6ffnet die Fedegari Group eine neue Niederlassung in Moskau, Russland.<\/p>\n<p>Dies erm\u00f6glicht dem Unternehmen den Kunden am lokalen Markt nahe zu sein, sowohl zum Zeitpunkt des Verkaufs als auch f\u00fcr den Kundenservice.[\/vc_column_text][\/vc_tta_section][vc_tta_section title=&#8220;Fedegari Tech Service Pvt Ltd&#8220; tab_id=&#8220;1575542094664-ae11f631-fecb&#8220;][vc_column_text css_animation=&#8220;fadeIn&#8220;]<\/p>\n<h2 class=\"p1\"><span class=\"s1\"><b>FEDEGARI TECH SERVICE PVT LTD<\/b><\/span><\/h2>\n<p>Mit der \u00d6ffnung des Technischen Support Centers 2019 in Hyderabad, Indien, hat Fedegari seine Bedeutung im asiatischen Markt verst\u00e4rkt<\/p>\n<p>Die neue Niederlassung liefert unseren regionalen Kunden technischen Service, die seit Jahren mit Fedegari Verfahrenstechnik arbeiten.[\/vc_column_text][\/vc_tta_section][vc_tta_section title=&#8220;Qualitech Srl&#8220; tab_id=&#8220;1551449663025-c4949161-cc9b&#8220;][vc_column_text css_animation=&#8220;fadeIn&#8220;]<\/p>\n<h2><strong>QUALITECH SRL<\/strong><\/h2>\n<p>Die 1999 mit der Beteiligung von zwei erfahrenen Mitarbeitern gegr\u00fcndete Qualitech bietet alle Kundendienstleistungen von der Installation bis zur Validierung der Fedegari-Produkte, f\u00fcr die vor Ort keine spezifischen Kenntnisse vorhanden sind.<\/p>\n<p>Fedegari Rus OOO Das gesamte technische Personal von Qualitech wird st\u00e4ndig bei Fedegari geschult und kann auf jahrzehntelange Praxiserfahrung z\u00e4hlen, die bei Serviceleistungen in allen Teilen der Welt erworben wurde.<\/p>\n<p>Das Serviceangebot umfasst Installation, Inbetriebnahme der Maschine, Qualifikation, Validierung, Support, Prozessoptimierung, Schulung vor Ort bis hin zur Projektberatung.<br \/>\nAll das ausgehend von einem praktischen Ansatz und mit einer Kompetenz, die andere Service-Unternehmen niemals bieten k\u00f6nnen.<\/p>\n<p>F\u00fcr weitere Informationen besuchen Sie die Website <a href=\"https:\/\/fedegari.com\/it\/qualitechsrl\/\">www.qualitechsrl.com<\/a>[\/vc_column_text][\/vc_tta_section][vc_tta_section title=&#8220;New Inox Srl&#8220; tab_id=&#8220;1551449703565-afa24617-2997&#8243;][vc_column_text css_animation=&#8220;fadeIn&#8220;]<\/p>\n<h2><strong>NEW INOX SRL<\/strong><\/h2>\n<p>New Inox entsteht 2003 unter Beteiligung von Fedegari Mitarbeitern mit langj\u00e4hriger Erfahrung.<\/p>\n<p>Klein und flexibel liefert New Inox sowohl verschiedene Metallbauteile f\u00fcr Fedegari-Produkte und f\u00fchrt auch mechanische Installations- und Wartungsdienste an installierten Maschinen aus.<\/p>\n<p>Das New Inox Team besteht aus Facharbeitern und Spezialtechnikern, die von Fedegari ausgebildet wurden. Genau diese Schulung erm\u00f6glicht es, Serviceleistungen auf h\u00f6chstem Niveau f\u00fcr T\u00e4tigkeiten anzubieten, die h\u00e4ufig als von niedrigem Wert betrachtet werden. Vor allem bei sehr gro\u00dfen Maschinen oder bei Modernisierungsprojekten gew\u00e4hrleisten diese Kompetenzen den sicheren und zuverl\u00e4ssigen Betrieb jeder Maschine.[\/vc_column_text][\/vc_tta_section][\/vc_tta_pageable][vc_empty_space height=&#8220;30px&#8220;][vc_row_inner css=&#8220;.vc_custom_1565012539553{background-color: #eaedf2 !important;}&#8220;][vc_column_inner][vc_btn title=&#8220;SO FINDEN SIE FEDEGARI&#8220; style=&#8220;outline&#8220; shape=&#8220;square&#8220; color=&#8220;black&#8220; size=&#8220;lg&#8220; align=&#8220;center&#8220; custom_onclick=&#8220;true&#8220; link=&#8220;url:https%3A%2F%2Ffedegari.com%2Fde%2Fso-finden-sie-fedegari%2F|title:So%20finden%20Sie%20Fedegari|target:%20_blank|&#8220;][vc_empty_space height=&#8220;20px&#8220;][\/vc_column_inner][\/vc_row_inner][vc_row_inner css=&#8220;.vc_custom_1553013789350{background-color: #c4161c !important;}&#8220;][vc_column_inner][vc_empty_space height=&#8220;20px&#8220;][\/vc_column_inner][\/vc_row_inner][\/vc_column][\/vc_row]<\/p>\n","protected":false},"excerpt":{"rendered":"<p>[vc_row full_width=&#8220;stretch_row_content_no_spaces&#8220; equal_height=&#8220;yes&#8220; content_placement=&#8220;middle&#8220; css=&#8220;.vc_custom_1551448839631{background-color: #eaedf2 !important;}&#8220;][vc_column width=&#8220;1\/2&#8243; css=&#8220;.vc_custom_1551447590468{background-image: url(https:\/\/fedegari.com\/wp-content\/uploads\/2019\/03\/fedegari_azienda.jpg?id=23) !important;background-position: center !important;background-repeat: no-repeat<span class=\"excerpt-hellip\"> [\u2026]<\/span><\/p>\n","protected":false},"author":1,"featured_media":0,"parent":0,"menu_order":0,"comment_status":"closed","ping_status":"closed","template":"","meta":{"footnotes":""},"class_list":["post-5370","page","type-page","status-publish","hentry"],"yoast_head":"<!-- This site is optimized with the Yoast SEO plugin v26.8 - https:\/\/yoast.com\/product\/yoast-seo-wordpress\/ -->\n<title>Unternehmen - Fedegari - Solutions for Sterile Drug Manufacturing<\/title>\n<meta name=\"robots\" content=\"index, follow, max-snippet:-1, max-image-preview:large, max-video-preview:-1\" \/>\n<link rel=\"canonical\" href=\"https:\/\/fedegari.com\/de\/unternehmen\/\" \/>\n<meta property=\"og:locale\" content=\"de_DE\" \/>\n<meta property=\"og:type\" content=\"article\" \/>\n<meta property=\"og:title\" content=\"Unternehmen - Fedegari - Solutions for Sterile Drug Manufacturing\" \/>\n<meta property=\"og:description\" content=\"[vc_row full_width=&#8220;stretch_row_content_no_spaces&#8220; equal_height=&#8220;yes&#8220; content_placement=&#8220;middle&#8220; css=&#8220;.vc_custom_1551448839631{background-color: #eaedf2 !important;}&#8220;][vc_column width=&#8220;1\/2&#8243; css=&#8220;.vc_custom_1551447590468{background-image: url(https:\/\/fedegari.com\/wp-content\/uploads\/2019\/03\/fedegari_azienda.jpg?id=23) !important;background-position: center !important;background-repeat: no-repeat [\u2026]\" \/>\n<meta property=\"og:url\" content=\"https:\/\/fedegari.com\/de\/unternehmen\/\" \/>\n<meta property=\"og:site_name\" content=\"Fedegari - Solutions for Sterile Drug Manufacturing\" \/>\n<meta property=\"article:modified_time\" content=\"2025-09-04T13:46:50+00:00\" \/>\n<meta name=\"twitter:card\" content=\"summary_large_image\" \/>\n<meta name=\"twitter:site\" content=\"@FedegariGroup\" \/>\n<meta name=\"twitter:label1\" content=\"Gesch\u00e4tzte Lesezeit\" \/>\n\t<meta name=\"twitter:data1\" content=\"7\u00a0Minuten\" \/>\n<!-- \/ Yoast SEO plugin. -->","yoast_head_json":{"title":"Unternehmen - Fedegari - Solutions for Sterile Drug Manufacturing","robots":{"index":"index","follow":"follow","max-snippet":"max-snippet:-1","max-image-preview":"max-image-preview:large","max-video-preview":"max-video-preview:-1"},"canonical":"https:\/\/fedegari.com\/de\/unternehmen\/","og_locale":"de_DE","og_type":"article","og_title":"Unternehmen - Fedegari - Solutions for Sterile Drug Manufacturing","og_description":"[vc_row full_width=&#8220;stretch_row_content_no_spaces&#8220; equal_height=&#8220;yes&#8220; content_placement=&#8220;middle&#8220; css=&#8220;.vc_custom_1551448839631{background-color: #eaedf2 !important;}&#8220;][vc_column width=&#8220;1\/2&#8243; css=&#8220;.vc_custom_1551447590468{background-image: url(https:\/\/fedegari.com\/wp-content\/uploads\/2019\/03\/fedegari_azienda.jpg?id=23) !important;background-position: center !important;background-repeat: no-repeat [\u2026]","og_url":"https:\/\/fedegari.com\/de\/unternehmen\/","og_site_name":"Fedegari - Solutions for Sterile Drug Manufacturing","article_modified_time":"2025-09-04T13:46:50+00:00","twitter_card":"summary_large_image","twitter_site":"@FedegariGroup","twitter_misc":{"Gesch\u00e4tzte Lesezeit":"7\u00a0Minuten"},"schema":{"@context":"https:\/\/schema.org","@graph":[{"@type":"WebPage","@id":"https:\/\/fedegari.com\/de\/unternehmen\/","url":"https:\/\/fedegari.com\/de\/unternehmen\/","name":"Unternehmen - Fedegari - Solutions for Sterile Drug Manufacturing","isPartOf":{"@id":"https:\/\/fedegari.com\/de\/#website"},"datePublished":"2019-09-22T15:22:33+00:00","dateModified":"2025-09-04T13:46:50+00:00","breadcrumb":{"@id":"https:\/\/fedegari.com\/de\/unternehmen\/#breadcrumb"},"inLanguage":"de","potentialAction":[{"@type":"ReadAction","target":["https:\/\/fedegari.com\/de\/unternehmen\/"]}]},{"@type":"BreadcrumbList","@id":"https:\/\/fedegari.com\/de\/unternehmen\/#breadcrumb","itemListElement":[{"@type":"ListItem","position":1,"name":"Home","item":"https:\/\/fedegari.com\/de\/"},{"@type":"ListItem","position":2,"name":"Unternehmen"}]},{"@type":"WebSite","@id":"https:\/\/fedegari.com\/de\/#website","url":"https:\/\/fedegari.com\/de\/","name":"Fedegari - Solutions for Sterile Drug Manufacturing","description":"Passion beyond sterilization","publisher":{"@id":"https:\/\/fedegari.com\/de\/#organization"},"potentialAction":[{"@type":"SearchAction","target":{"@type":"EntryPoint","urlTemplate":"https:\/\/fedegari.com\/de\/?s={search_term_string}"},"query-input":{"@type":"PropertyValueSpecification","valueRequired":true,"valueName":"search_term_string"}}],"inLanguage":"de"},{"@type":"Organization","@id":"https:\/\/fedegari.com\/de\/#organization","name":"Fedegari Autoclavi S.p.A.","url":"https:\/\/fedegari.com\/de\/","logo":{"@type":"ImageObject","inLanguage":"de","@id":"https:\/\/fedegari.com\/de\/#\/schema\/logo\/image\/","url":"https:\/\/fedegari.com\/wp-content\/uploads\/2019\/03\/fedegari_logo.jpg","contentUrl":"https:\/\/fedegari.com\/wp-content\/uploads\/2019\/03\/fedegari_logo.jpg","width":172,"height":80,"caption":"Fedegari Autoclavi S.p.A."},"image":{"@id":"https:\/\/fedegari.com\/de\/#\/schema\/logo\/image\/"},"sameAs":["https:\/\/x.com\/FedegariGroup","https:\/\/it.linkedin.com\/company\/fedegari"]}]}},"_links":{"self":[{"href":"https:\/\/fedegari.com\/de\/wp-json\/wp\/v2\/pages\/5370","targetHints":{"allow":["GET"]}}],"collection":[{"href":"https:\/\/fedegari.com\/de\/wp-json\/wp\/v2\/pages"}],"about":[{"href":"https:\/\/fedegari.com\/de\/wp-json\/wp\/v2\/types\/page"}],"author":[{"embeddable":true,"href":"https:\/\/fedegari.com\/de\/wp-json\/wp\/v2\/users\/1"}],"replies":[{"embeddable":true,"href":"https:\/\/fedegari.com\/de\/wp-json\/wp\/v2\/comments?post=5370"}],"version-history":[{"count":5,"href":"https:\/\/fedegari.com\/de\/wp-json\/wp\/v2\/pages\/5370\/revisions"}],"predecessor-version":[{"id":23460,"href":"https:\/\/fedegari.com\/de\/wp-json\/wp\/v2\/pages\/5370\/revisions\/23460"}],"wp:attachment":[{"href":"https:\/\/fedegari.com\/de\/wp-json\/wp\/v2\/media?parent=5370"}],"curies":[{"name":"wp","href":"https:\/\/api.w.org\/{rel}","templated":true}]}}