{"id":21686,"date":"2024-10-02T12:15:08","date_gmt":"2024-10-02T10:15:08","guid":{"rendered":"https:\/\/fedegari.com\/?page_id=21686"},"modified":"2024-10-02T12:15:34","modified_gmt":"2024-10-02T10:15:34","slug":"vision-und-werte","status":"publish","type":"page","link":"https:\/\/fedegari.com\/de\/vision-und-werte\/","title":{"rendered":"Vision und Werte"},"content":{"rendered":"<p>[vc_row full_width=&#8220;stretch_row_content_no_spaces&#8220; equal_height=&#8220;yes&#8220; content_placement=&#8220;middle&#8220; css=&#8220;.vc_custom_1551448839631{background-color: #eaedf2 !important;}&#8220;][vc_column width=&#8220;1\/2&#8243; css=&#8220;.vc_custom_1727077338210{background-image: url(https:\/\/fedegari.com\/wp-content\/uploads\/2024\/09\/digital-man-small.jpg?id=22424) !important;background-position: center !important;background-repeat: no-repeat !important;background-size: cover !important;}&#8220; offset=&#8220;vc_hidden-xs&#8220;][\/vc_column][vc_column width=&#8220;1\/2&#8243;][vc_row_inner css=&#8220;.vc_custom_1551447616941{padding-right: 30px !important;padding-left: 30px !important;}&#8220;][vc_column_inner width=&#8220;1\/6&#8243;][\/vc_column_inner][vc_column_inner width=&#8220;2\/3&#8243;][vc_empty_space height=&#8220;60px&#8220;][vc_column_text]<\/p>\n<p class=\"p1\"><span style=\"color: #686868;\"><span class=\"s1\"><b><a style=\"color: #686868;\" href=\"https:\/\/fedegari.com\/de\/\">HOME<\/a> <i class=\"icon-right-open\"><\/i><\/b><\/span><span class=\"s1\"><b> DIE GRUPPE <i class=\"icon-right-open\"><\/i><\/b><\/span><\/span><span class=\"s3\"><b> UNTERNEHMEN<\/b><\/span><\/p>\n<p>[\/vc_column_text][vc_empty_space height=&#8220;15px&#8220;][vc_column_text css_animation=&#8220;fadeIn&#8220;]<\/p>\n<h1 class=\"p1\"><span class=\"s1\"><b>Fedegari-Gruppe:<br \/>\nSterilisation durch Design<br \/>\n<\/b><\/span><\/h1>\n<p>[\/vc_column_text][vc_empty_space height=&#8220;45px&#8220;][vc_column_text css_animation=&#8220;fadeIn&#8220;]<\/p>\n<h3><strong>VISION<\/strong><\/h3>\n<p>Wir sind f\u00fchrend in der Bereitstellung vollautomatischer aseptischer Systeme, die fortschrittliche sterile Produkte ohne Eingreifen des Bedieners herstellen. Unser Ziel ist es, unsere Standards in Bezug auf Qualit\u00e4t, Zuverl\u00e4ssigkeit und Sicherheit beizubehalten und gleichzeitig ein H\u00f6chstma\u00df an Innovation und technologischer Pr\u00e4zision zu gew\u00e4hrleisten.<\/p>\n<h3 style=\"text-align: left;\"><strong>MISSION<\/strong><\/h3>\n<p>Wir wollen f\u00fcr unsere Kunden ein strategischer Referenzpartner sein, der wertvolles und innovatives Fachwissen \u00fcber Sterilisations- und Biodekontaminationsprozesse bietet. Wir sind bestrebt, die Bed\u00fcrfnisse unserer Kunden genau zu verstehen und ihnen ma\u00dfgeschneiderte L\u00f6sungen anzubieten, die ihnen helfen, zu wachsen und sich in ihrem Sektor zu profilieren.<\/p>\n<h3><strong>ZIEL<\/strong><\/h3>\n<p>Wir wollen die Lebensqualit\u00e4t unserer Kunden verbessern, indem wir mit ihnen zusammenarbeiten und die fortschrittlichsten Sterilisationstherapien entwickeln. Wir haben uns der F\u00f6rderung von Innovationen im Gesundheitswesen verschrieben und bieten L\u00f6sungen an, die die Sicherheits- und Pflegestandards erh\u00f6hen und zu einer ges\u00fcnderen Zukunft f\u00fcr alle beitragen.[\/vc_column_text][vc_empty_space height=&#8220;60px&#8220;][vc_icon icon_fontawesome=&#8220;fa fa-chevron-down&#8220; color=&#8220;custom&#8220; size=&#8220;xs&#8220; css_animation=&#8220;bounceInDown&#8220; custom_color=&#8220;#686868&#8243;][vc_separator color=&#8220;custom&#8220; accent_color=&#8220;#727272&#8243;][vc_empty_space height=&#8220;15px&#8220;][vc_column_text]<\/p>\n<p class=\"p1\" style=\"text-align: right;\"><span class=\"s1\" style=\"color: #686868;\"><b><a style=\"color: #686868;\" href=\"https:\/\/fedegari.com\/de\/unternehmen\/\">UNTERNEHMEN <i class=\"icon-right-open\"><\/i><\/a><br \/>\n<a style=\"color: #686868;\" href=\"https:\/\/fedegari.com\/de\/geschichte\/\">GESCHICHTE <i class=\"icon-right-open\"><\/i><\/a><\/b><\/span><\/p>\n<p>[\/vc_column_text][\/vc_column_inner][vc_column_inner width=&#8220;1\/6&#8243;][\/vc_column_inner][\/vc_row_inner][vc_row_inner][vc_column_inner offset=&#8220;vc_hidden-lg vc_hidden-md vc_hidden-sm&#8220;][vc_empty_space height=&#8220;20px&#8220;][vc_single_image image=&#8220;22427&#8243; img_size=&#8220;full&#8220;][\/vc_column_inner][\/vc_row_inner][vc_row_inner][vc_column_inner offset=&#8220;vc_hidden-xs&#8220;][vc_empty_space height=&#8220;20px&#8220;][\/vc_column_inner][\/vc_row_inner][\/vc_column][\/vc_row][vc_row full_width=&#8220;stretch_row&#8220;][vc_column][vc_empty_space][vc_column_text]<\/p>\n<h1 style=\"text-align: center;\"><strong><span lang=\"EN-US\">Unsere Werte<\/span><\/strong><\/h1>\n<p>[\/vc_column_text][\/vc_column][\/vc_row][vc_row][vc_column][vc_empty_space][\/vc_column][\/vc_row][vc_row full_width=&#8220;stretch_row&#8220; equal_height=&#8220;yes&#8220; css=&#8220;.vc_custom_1727447867053{padding-top: 30px !important;}&#8220;][vc_column width=&#8220;1\/2&#8243;][vc_column_text css_animation=&#8220;fadeIn&#8220;]<\/p>\n<h2><strong>Innovation<\/strong><\/h2>\n<p>Innovation ist der Herzschlag unserer Arbeit. Dank unseres fundierten Know-hows und unserer unersch\u00f6pflichen Kreativit\u00e4t treiben wir jeden Tag die kontinuierliche Verbesserung und das Streben nach bahnbrechenden L\u00f6sungen voran und bieten Technologien an, die die Herausforderungen des Marktes vorwegnehmen.[\/vc_column_text][vc_empty_space][\/vc_column][vc_column width=&#8220;1\/2&#8243;][vc_column_text css_animation=&#8220;fadeIn&#8220;]<\/p>\n<h2><strong>Leidenschaft<\/strong><\/h2>\n<p>Leidenschaft ist die Kraft, die uns antreibt, jedes Hindernis mit Begeisterung und Entschlossenheit zu \u00fcberwinden. Wir blicken mit einer positiven Vision in die Zukunft, in der \u00dcberzeugung, dass jede Herausforderung eine Chance ist, zu wachsen und sich zu verbessern, um eine immer innovativere und nachhaltigere Zukunft zu schaffen.[\/vc_column_text][vc_empty_space][\/vc_column][\/vc_row][vc_row full_width=&#8220;stretch_row&#8220; equal_height=&#8220;yes&#8220; css=&#8220;.vc_custom_1727447875266{margin-top: 3px !important;}&#8220;][vc_column width=&#8220;1\/2&#8243;][vc_column_text css_animation=&#8220;fadeIn&#8220;]<\/p>\n<h2><strong>Unternehmerischer Mut<\/strong><\/h2>\n<p>Wir treffen mutige und strategische Entscheidungen mit Verantwortungsbewusstsein und Beharrlichkeit und lassen uns dabei von einer langfristigen Vision leiten. Unser Engagement ist in einer Familientradition verwurzelt, die die Vergangenheit respektiert, aber auf eine Zukunft mit nachhaltigem Wachstum und kontinuierlicher Innovation ausgerichtet ist[\/vc_column_text][vc_empty_space][\/vc_column][vc_column width=&#8220;1\/2&#8243;][vc_column_text css_animation=&#8220;fadeIn&#8220;]<\/p>\n<h2><strong><span lang=\"EN-US\">Respekt<\/span><\/strong><\/h2>\n<p>Wir arbeiten mit Transparenz und Respekt gegen\u00fcber der Umwelt, den Gesetzen und allen beteiligten Interessengruppen. Unsere Ethik spiegelt sich in jeder Interaktion mit Kunden, Mitarbeitern und der Gesellschaft als Ganzes wider.[\/vc_column_text][vc_empty_space][\/vc_column][\/vc_row][vc_row][vc_column][vc_empty_space][\/vc_column][\/vc_row][vc_row full_width=&#8220;stretch_row_content_no_spaces&#8220;][vc_column parallax=&#8220;content-moving&#8220; parallax_image=&#8220;22430&#8243;][vc_empty_space height=&#8220;900px&#8220;][\/vc_column][\/vc_row][vc_row full_width=&#8220;stretch_row&#8220; equal_height=&#8220;yes&#8220; css=&#8220;.vc_custom_1551450117939{background-color: #eaedf2 !important;}&#8220;][vc_column][vc_row_inner css=&#8220;.vc_custom_1553013671004{background-color: #c4161c !important;}&#8220;][vc_column_inner][vc_empty_space height=&#8220;20px&#8220;][\/vc_column_inner][\/vc_row_inner][\/vc_column][\/vc_row]<\/p>\n","protected":false},"excerpt":{"rendered":"<p>[vc_row full_width=&#8220;stretch_row_content_no_spaces&#8220; equal_height=&#8220;yes&#8220; content_placement=&#8220;middle&#8220; css=&#8220;.vc_custom_1551448839631{background-color: #eaedf2 !important;}&#8220;][vc_column width=&#8220;1\/2&#8243; css=&#8220;.vc_custom_1727077338210{background-image: url(https:\/\/fedegari.com\/wp-content\/uploads\/2024\/09\/digital-man-small.jpg?id=22424) !important;background-position: center !important;background-repeat: no-repeat<span class=\"excerpt-hellip\"> [\u2026]<\/span><\/p>\n","protected":false},"author":1,"featured_media":0,"parent":0,"menu_order":0,"comment_status":"closed","ping_status":"closed","template":"","meta":{"footnotes":""},"class_list":["post-21686","page","type-page","status-publish","hentry"],"yoast_head":"<!-- This site is optimized with the Yoast SEO plugin v26.8 - https:\/\/yoast.com\/product\/yoast-seo-wordpress\/ -->\n<title>Vision und Werte - Fedegari - Solutions for Sterile Drug Manufacturing<\/title>\n<meta name=\"robots\" content=\"index, follow, max-snippet:-1, max-image-preview:large, max-video-preview:-1\" \/>\n<link rel=\"canonical\" href=\"https:\/\/fedegari.com\/de\/vision-und-werte\/\" \/>\n<meta property=\"og:locale\" content=\"de_DE\" \/>\n<meta property=\"og:type\" content=\"article\" \/>\n<meta property=\"og:title\" content=\"Vision und Werte - Fedegari - Solutions for Sterile Drug Manufacturing\" \/>\n<meta property=\"og:description\" content=\"[vc_row full_width=&#8220;stretch_row_content_no_spaces&#8220; equal_height=&#8220;yes&#8220; content_placement=&#8220;middle&#8220; css=&#8220;.vc_custom_1551448839631{background-color: #eaedf2 !important;}&#8220;][vc_column width=&#8220;1\/2&#8243; css=&#8220;.vc_custom_1727077338210{background-image: url(https:\/\/fedegari.com\/wp-content\/uploads\/2024\/09\/digital-man-small.jpg?id=22424) !important;background-position: center !important;background-repeat: no-repeat [\u2026]\" \/>\n<meta property=\"og:url\" content=\"https:\/\/fedegari.com\/de\/vision-und-werte\/\" \/>\n<meta property=\"og:site_name\" content=\"Fedegari - Solutions for Sterile Drug Manufacturing\" \/>\n<meta property=\"article:modified_time\" content=\"2024-10-02T10:15:34+00:00\" \/>\n<meta name=\"twitter:card\" content=\"summary_large_image\" \/>\n<meta name=\"twitter:site\" content=\"@FedegariGroup\" \/>\n<meta name=\"twitter:label1\" content=\"Gesch\u00e4tzte Lesezeit\" \/>\n\t<meta name=\"twitter:data1\" content=\"3\u00a0Minuten\" \/>\n<!-- \/ Yoast SEO plugin. -->","yoast_head_json":{"title":"Vision und Werte - Fedegari - Solutions for Sterile Drug Manufacturing","robots":{"index":"index","follow":"follow","max-snippet":"max-snippet:-1","max-image-preview":"max-image-preview:large","max-video-preview":"max-video-preview:-1"},"canonical":"https:\/\/fedegari.com\/de\/vision-und-werte\/","og_locale":"de_DE","og_type":"article","og_title":"Vision und Werte - Fedegari - Solutions for Sterile Drug Manufacturing","og_description":"[vc_row full_width=&#8220;stretch_row_content_no_spaces&#8220; equal_height=&#8220;yes&#8220; content_placement=&#8220;middle&#8220; css=&#8220;.vc_custom_1551448839631{background-color: #eaedf2 !important;}&#8220;][vc_column width=&#8220;1\/2&#8243; css=&#8220;.vc_custom_1727077338210{background-image: url(https:\/\/fedegari.com\/wp-content\/uploads\/2024\/09\/digital-man-small.jpg?id=22424) !important;background-position: center !important;background-repeat: no-repeat [\u2026]","og_url":"https:\/\/fedegari.com\/de\/vision-und-werte\/","og_site_name":"Fedegari - Solutions for Sterile Drug Manufacturing","article_modified_time":"2024-10-02T10:15:34+00:00","twitter_card":"summary_large_image","twitter_site":"@FedegariGroup","twitter_misc":{"Gesch\u00e4tzte Lesezeit":"3\u00a0Minuten"},"schema":{"@context":"https:\/\/schema.org","@graph":[{"@type":"WebPage","@id":"https:\/\/fedegari.com\/de\/vision-und-werte\/","url":"https:\/\/fedegari.com\/de\/vision-und-werte\/","name":"Vision und Werte - Fedegari - Solutions for Sterile Drug Manufacturing","isPartOf":{"@id":"https:\/\/fedegari.com\/de\/#website"},"datePublished":"2024-10-02T10:15:08+00:00","dateModified":"2024-10-02T10:15:34+00:00","breadcrumb":{"@id":"https:\/\/fedegari.com\/de\/vision-und-werte\/#breadcrumb"},"inLanguage":"de","potentialAction":[{"@type":"ReadAction","target":["https:\/\/fedegari.com\/de\/vision-und-werte\/"]}]},{"@type":"BreadcrumbList","@id":"https:\/\/fedegari.com\/de\/vision-und-werte\/#breadcrumb","itemListElement":[{"@type":"ListItem","position":1,"name":"Home","item":"https:\/\/fedegari.com\/de\/"},{"@type":"ListItem","position":2,"name":"Vision und Werte"}]},{"@type":"WebSite","@id":"https:\/\/fedegari.com\/de\/#website","url":"https:\/\/fedegari.com\/de\/","name":"Fedegari - Solutions for Sterile Drug Manufacturing","description":"Passion beyond sterilization","publisher":{"@id":"https:\/\/fedegari.com\/de\/#organization"},"potentialAction":[{"@type":"SearchAction","target":{"@type":"EntryPoint","urlTemplate":"https:\/\/fedegari.com\/de\/?s={search_term_string}"},"query-input":{"@type":"PropertyValueSpecification","valueRequired":true,"valueName":"search_term_string"}}],"inLanguage":"de"},{"@type":"Organization","@id":"https:\/\/fedegari.com\/de\/#organization","name":"Fedegari Autoclavi S.p.A.","url":"https:\/\/fedegari.com\/de\/","logo":{"@type":"ImageObject","inLanguage":"de","@id":"https:\/\/fedegari.com\/de\/#\/schema\/logo\/image\/","url":"https:\/\/fedegari.com\/wp-content\/uploads\/2019\/03\/fedegari_logo.jpg","contentUrl":"https:\/\/fedegari.com\/wp-content\/uploads\/2019\/03\/fedegari_logo.jpg","width":172,"height":80,"caption":"Fedegari Autoclavi S.p.A."},"image":{"@id":"https:\/\/fedegari.com\/de\/#\/schema\/logo\/image\/"},"sameAs":["https:\/\/x.com\/FedegariGroup","https:\/\/it.linkedin.com\/company\/fedegari"]}]}},"_links":{"self":[{"href":"https:\/\/fedegari.com\/de\/wp-json\/wp\/v2\/pages\/21686","targetHints":{"allow":["GET"]}}],"collection":[{"href":"https:\/\/fedegari.com\/de\/wp-json\/wp\/v2\/pages"}],"about":[{"href":"https:\/\/fedegari.com\/de\/wp-json\/wp\/v2\/types\/page"}],"author":[{"embeddable":true,"href":"https:\/\/fedegari.com\/de\/wp-json\/wp\/v2\/users\/1"}],"replies":[{"embeddable":true,"href":"https:\/\/fedegari.com\/de\/wp-json\/wp\/v2\/comments?post=21686"}],"version-history":[{"count":6,"href":"https:\/\/fedegari.com\/de\/wp-json\/wp\/v2\/pages\/21686\/revisions"}],"predecessor-version":[{"id":22478,"href":"https:\/\/fedegari.com\/de\/wp-json\/wp\/v2\/pages\/21686\/revisions\/22478"}],"wp:attachment":[{"href":"https:\/\/fedegari.com\/de\/wp-json\/wp\/v2\/media?parent=21686"}],"curies":[{"name":"wp","href":"https:\/\/api.w.org\/{rel}","templated":true}]}}